{"id":32,"date":"2022-10-08T11:00:22","date_gmt":"2022-10-08T09:00:22","guid":{"rendered":"https:\/\/autresens.wordpress.com\/?page_id=32"},"modified":"2023-04-18T15:04:34","modified_gmt":"2023-04-18T13:04:34","slug":"domaines","status":"publish","type":"page","link":"https:\/\/www.autresens.org\/it\/domaines\/","title":{"rendered":"Domini"},"content":{"rendered":"<div class=\"fusion-fullwidth fullwidth-box fusion-builder-row-1 fusion-flex-container nonhundred-percent-fullwidth non-hundred-percent-height-scrolling\" style=\"--link_hover_color: rgba(20,80,150,0.7);--link_color: var(--awb-color6);--awb-border-radius-top-left:0px;--awb-border-radius-top-right:0px;--awb-border-radius-bottom-right:0px;--awb-border-radius-bottom-left:0px;--awb-margin-top:30px;--awb-flex-wrap:wrap;\" ><div class=\"fusion-builder-row fusion-row fusion-flex-align-items-flex-start fusion-flex-content-wrap\" style=\"max-width:calc( 1170px + 0px );margin-left: calc(-0px \/ 2 );margin-right: calc(-0px \/ 2 );\"><div class=\"fusion-layout-column fusion_builder_column fusion-builder-column-0 fusion_builder_column_1_1 1_1 fusion-flex-column\" style=\"--awb-bg-size:cover;--awb-width-large:100%;--awb-margin-top-large:0px;--awb-spacing-right-large:0px;--awb-margin-bottom-large:20px;--awb-spacing-left-large:0px;--awb-width-medium:100%;--awb-spacing-right-medium:0px;--awb-spacing-left-medium:0px;--awb-width-small:100%;--awb-spacing-right-small:0px;--awb-spacing-left-small:0px;\"><div class=\"fusion-column-wrapper fusion-flex-justify-content-flex-start fusion-content-layout-column\"><div class=\"fusion-blog-shortcode fusion-blog-shortcode-1 fusion-blog-archive fusion-blog-layout-medium fusion-blog-no\"><div class=\"fusion-posts-container fusion-posts-container-no fusion-blog-rollover\" data-pages=\"0\"><article id=\"blog-1-post-16924\" class=\"fusion-post-medium post-16924 post type-post status-publish format-standard has-post-thumbnail hentry category-education\">\n\t<style type=\"text\/css\">\n\t\t\n\t\t\n\t\t\n\t\t\n\t\t\t<\/style>\n\n\n\t\t\t<div class=\"fusion-flexslider flexslider fusion-flexslider-loading fusion-post-slideshow\" style=\"\">\n\t\t<ul class=\"slides\">\n\t\t\t\n\t\t\t\t\t\t\t\t\t\t\t\t\t\t<li><div  class=\"fusion-image-wrapper fusion-image-size-fixed\" aria-haspopup=\"true\">\n\t\t\t\t<img decoding=\"async\" width=\"320\" height=\"202\" src=\"https:\/\/www.autresens.org\/wp-content\/uploads\/2023\/05\/Image_bank_18-320x202.jpg\" class=\"attachment-blog-medium size-blog-medium wp-post-image\" alt=\"\" srcset=\"https:\/\/www.autresens.org\/wp-content\/uploads\/2023\/05\/Image_bank_18-320x202.jpg 320w, https:\/\/www.autresens.org\/wp-content\/uploads\/2023\/05\/Image_bank_18-700x441.jpg 700w\" sizes=\"(max-width: 320px) 100vw, 320px\" \/><div class=\"fusion-rollover\">\n\t<div class=\"fusion-rollover-content\">\n\n\t\t\t\t\n\t\t\n\t\t\t\t\t\t\t\t\t\t\t\t<h4 class=\"fusion-rollover-title\">\n\t\t\t\t\t<a class=\"fusion-rollover-title-link\" href=\"https:\/\/www.autresens.org\/it\/sciensibilites\/\">\n\t\t\t\t\t\tSensibilit\u00e0 SCI\t\t\t\t\t<\/a>\n\t\t\t\t<\/h4>\n\t\t\t\n\t\t\t\t\t\t\t\t\n\t\t\n\t\t\t\t\t\t<a class=\"fusion-link-wrapper\" href=\"https:\/\/www.autresens.org\/it\/sciensibilites\/\" aria-label=\"Sensibilit\u00e0 SCI\"><\/a>\n\t<\/div>\n<\/div>\n<\/div>\n<\/li>\n\t\t\t\n\t\t\t\n\t\t\t\t\t\t\t\t\t\t\t\t\t\t\t\t\t\t\t\t\t\t\t\t\t\t\t\t\t\t\t\t\t\t\t\t\t\t\t\t\t\t\t\t\t\t\t\t\t\t\t\t\t\t\t\t\t\t\t\t\t\t\t\t\t\t\t\t<\/ul>\n\t<\/div>\n\t<div class=\"fusion-post-content post-content\"><h2 class=\"blog-shortcode-post-title entry-title\"><a href=\"https:\/\/www.autresens.org\/it\/sciensibilites\/\">Sensibilit\u00e0 SCI<\/a><\/h2><div class=\"fusion-post-content-container\"><p>     Partner e sponsor Progetto che rappresenta la continuazione di \"Toutes et tous LabSCItoyen-ne-s\", in collaborazione con l'Universit\u00e0 di Friburgo. Progetto sostenuto dalle Accademie svizzere delle scienze, mandato MINT.IV 2025-2028 Finanziamento: 250.000 CHF. <\/p><\/div><\/div><div class=\"fusion-clearfix\"><\/div><div class=\"fusion-meta-info\"><span class=\"vcard\" style=\"display: none;\"><span class=\"fn\"><a href=\"https:\/\/www.autresens.org\/it\/author\/autresensadmin\/\" title=\"Articoli scritti da AutreSens\" rel=\"author\">AltroSenso<\/a><\/span><\/span><span class=\"updated\" style=\"display:none;\">2025-11-19T15:37:17+01:00<\/span><div class=\"fusion-alignright\"><a class=\"fusion-read-more\" href=\"https:\/\/www.autresens.org\/it\/sciensibilites\/\" aria-label=\"More on SCIensibilit\u00e9s\">Read More<\/a><\/div><\/div><\/article>\n<article id=\"blog-1-post-14098\" class=\"fusion-post-medium post-14098 post type-post status-publish format-standard has-post-thumbnail hentry category-education tag-education tag-genetique-autrement\">\n\t<style type=\"text\/css\">\n\t\t\n\t\t\n\t\t\n\t\t\n\t\t\t<\/style>\n\n\n\t\t\t<div class=\"fusion-flexslider flexslider fusion-flexslider-loading fusion-post-slideshow\" style=\"\">\n\t\t<ul class=\"slides\">\n\t\t\t\n\t\t\t\t\t\t\t\t\t\t\t\t\t\t<li><div  class=\"fusion-image-wrapper fusion-image-size-fixed\" aria-haspopup=\"true\">\n\t\t\t\t<img decoding=\"async\" width=\"320\" height=\"202\" src=\"https:\/\/www.autresens.org\/wp-content\/uploads\/2019\/09\/debattre20eleves8-320x202.jpg\" class=\"attachment-blog-medium size-blog-medium wp-post-image\" alt=\"\" srcset=\"https:\/\/www.autresens.org\/wp-content\/uploads\/2019\/09\/debattre20eleves8-320x202.jpg 320w, https:\/\/www.autresens.org\/wp-content\/uploads\/2019\/09\/debattre20eleves8-700x441.jpg 700w\" sizes=\"(max-width: 320px) 100vw, 320px\" \/><div class=\"fusion-rollover\">\n\t<div class=\"fusion-rollover-content\">\n\n\t\t\t\t\n\t\t\n\t\t\t\t\t\t\t\t\t\t\t\t<h4 class=\"fusion-rollover-title\">\n\t\t\t\t\t<a class=\"fusion-rollover-title-link\" href=\"https:\/\/www.autresens.org\/it\/la-genetique-autrement\/\">\n\t\t\t\t\t\tUn approccio diverso alla genetica\t\t\t\t\t<\/a>\n\t\t\t\t<\/h4>\n\t\t\t\n\t\t\t\t\t\t\t\t\n\t\t\n\t\t\t\t\t\t<a class=\"fusion-link-wrapper\" href=\"https:\/\/www.autresens.org\/it\/la-genetique-autrement\/\" aria-label=\"Un approccio diverso alla genetica\"><\/a>\n\t<\/div>\n<\/div>\n<\/div>\n<\/li>\n\t\t\t\n\t\t\t\n\t\t\t\t\t\t\t\t\t\t\t\t\t\t\t\t\t\t\t\t\t\t\t\t\t\t\t\t\t\t\t\t\t\t\t\t\t\t\t\t\t\t\t\t\t\t\t\t\t\t\t\t\t\t\t\t\t\t\t\t\t\t\t\t\t\t\t\t<\/ul>\n\t<\/div>\n\t<div class=\"fusion-post-content post-content\"><h2 class=\"blog-shortcode-post-title entry-title\"><a href=\"https:\/\/www.autresens.org\/it\/la-genetique-autrement\/\">Un approccio diverso alla genetica<\/a><\/h2><div class=\"fusion-post-content-container\"><p>     Partner e sostenitori Parte del progetto di ricerca \"Toutes et tous LabSCItoyen-ne-s\" dell'Universit\u00e0 di Friburgo, Facolt\u00e0 di Lettere (M-P. Chevron, CERF) e Facolt\u00e0 di Scienze (C. Wicky), in collaborazione con AutreSens.  Progetto finanziato<\/p><\/div><\/div><div class=\"fusion-clearfix\"><\/div><div class=\"fusion-meta-info\"><span class=\"vcard\" style=\"display: none;\"><span class=\"fn\"><a href=\"https:\/\/www.autresens.org\/it\/author\/autresensadmin\/\" title=\"Articoli scritti da AutreSens\" rel=\"author\">AltroSenso<\/a><\/span><\/span><span class=\"updated\" style=\"display:none;\">2026-03-24T21:09:32+01:00<\/span><div class=\"fusion-alignright\"><a class=\"fusion-read-more\" href=\"https:\/\/www.autresens.org\/it\/la-genetique-autrement\/\" aria-label=\"More on La g\u00e9n\u00e9tique autrement\">Read More<\/a><\/div><\/div><\/article>\n<article id=\"blog-1-post-625\" class=\"fusion-post-medium post-625 post type-post status-publish format-standard has-post-thumbnail hentry category-education tag-apprendre-avec-elegans tag-education\">\n\t<style type=\"text\/css\">\n\t\t\n\t\t\n\t\t\n\t\t\n\t\t\t<\/style>\n\n\n\t\t\t<div class=\"fusion-flexslider flexslider fusion-flexslider-loading fusion-post-slideshow\" style=\"\">\n\t\t<ul class=\"slides\">\n\t\t\t\n\t\t\t\t\t\t\t\t\t\t\t\t\t\t<li><div  class=\"fusion-image-wrapper fusion-image-size-fixed\" aria-haspopup=\"true\">\n\t\t\t\t<img decoding=\"async\" width=\"320\" height=\"161\" src=\"https:\/\/www.autresens.org\/wp-content\/uploads\/2017\/10\/c-elegans.jpg\" class=\"attachment-blog-medium size-blog-medium wp-post-image\" alt=\"\" \/><div class=\"fusion-rollover\">\n\t<div class=\"fusion-rollover-content\">\n\n\t\t\t\t\n\t\t\n\t\t\t\t\t\t\t\t\t\t\t\t<h4 class=\"fusion-rollover-title\">\n\t\t\t\t\t<a class=\"fusion-rollover-title-link\" href=\"https:\/\/www.autresens.org\/it\/apprendre-avec-elegans\/\">\n\t\t\t\t\t\tImparare con gli elegans\t\t\t\t\t<\/a>\n\t\t\t\t<\/h4>\n\t\t\t\n\t\t\t\t\t\t\t\t\n\t\t\n\t\t\t\t\t\t<a class=\"fusion-link-wrapper\" href=\"https:\/\/www.autresens.org\/it\/apprendre-avec-elegans\/\" aria-label=\"Imparare con gli elegans\"><\/a>\n\t<\/div>\n<\/div>\n<\/div>\n<\/li>\n\t\t\t\n\t\t\t\n\t\t\t\t\t\t\t\t\t\t\t\t\t\t\t\t\t\t\t\t\t\t\t\t\t\t\t\t\t\t\t\t\t\t\t\t\t\t\t\t\t\t\t\t\t\t\t\t\t\t\t\t\t\t\t\t\t\t\t\t\t\t\t\t\t\t\t\t<\/ul>\n\t<\/div>\n\t<div class=\"fusion-post-content post-content\"><h2 class=\"blog-shortcode-post-title entry-title\"><a href=\"https:\/\/www.autresens.org\/it\/apprendre-avec-elegans\/\">Imparare con gli elegans<\/a><\/h2><div class=\"fusion-post-content-container\"><p>      Partner e sostenitori Parte del progetto di ricerca \"Toutes et tous LabSCItoyen-ne-s\" dell'Universit\u00e0 di Friburgo, Facolt\u00e0 di Lettere (M-P. Chevron, CERF) e Facolt\u00e0 di Scienze (C. Wicky), in collaborazione con AutreSens.  Il progetto<\/p><\/div><\/div><div class=\"fusion-clearfix\"><\/div><div class=\"fusion-meta-info\"><span class=\"vcard\" style=\"display: none;\"><span class=\"fn\"><a href=\"https:\/\/www.autresens.org\/it\/author\/autresensadmin\/\" title=\"Articoli scritti da AutreSens\" rel=\"author\">AltroSenso<\/a><\/span><\/span><span class=\"updated\" style=\"display:none;\">2026-02-26T03:03:55+01:00<\/span><div class=\"fusion-alignright\"><a class=\"fusion-read-more\" href=\"https:\/\/www.autresens.org\/it\/apprendre-avec-elegans\/\" aria-label=\"More on Apprendre avec elegans\">Read More<\/a><\/div><\/div><\/article>\n<article id=\"blog-1-post-616\" class=\"fusion-post-medium post-616 post type-post status-publish format-standard has-post-thumbnail hentry category-education tag-education tag-formations-continues\">\n\t<style type=\"text\/css\">\n\t\t\n\t\t\n\t\t\n\t\t\n\t\t\t<\/style>\n\n\n\t\t\t<div class=\"fusion-flexslider flexslider fusion-flexslider-loading fusion-post-slideshow\" style=\"\">\n\t\t<ul class=\"slides\">\n\t\t\t\n\t\t\t\t\t\t\t\t\t\t\t\t\t\t<li><div  class=\"fusion-image-wrapper fusion-image-size-fixed\" aria-haspopup=\"true\">\n\t\t\t\t<img decoding=\"async\" width=\"320\" height=\"202\" src=\"https:\/\/www.autresens.org\/wp-content\/uploads\/2018\/04\/ImageFoCo-320x202.jpg\" class=\"attachment-blog-medium size-blog-medium wp-post-image\" alt=\"\" srcset=\"https:\/\/www.autresens.org\/wp-content\/uploads\/2018\/04\/ImageFoCo-320x202.jpg 320w, https:\/\/www.autresens.org\/wp-content\/uploads\/2018\/04\/ImageFoCo-700x441.jpg 700w\" sizes=\"(max-width: 320px) 100vw, 320px\" \/><div class=\"fusion-rollover\">\n\t<div class=\"fusion-rollover-content\">\n\n\t\t\t\t\n\t\t\n\t\t\t\t\t\t\t\t\t\t\t\t<h4 class=\"fusion-rollover-title\">\n\t\t\t\t\t<a class=\"fusion-rollover-title-link\" href=\"https:\/\/www.autresens.org\/it\/foco-formations-continues\/\">\n\t\t\t\t\t\tFoCo, Formazione continua\t\t\t\t\t<\/a>\n\t\t\t\t<\/h4>\n\t\t\t\n\t\t\t\t\t\t\t\t\n\t\t\n\t\t\t\t\t\t<a class=\"fusion-link-wrapper\" href=\"https:\/\/www.autresens.org\/it\/foco-formations-continues\/\" aria-label=\"FoCo, Formazione continua\"><\/a>\n\t<\/div>\n<\/div>\n<\/div>\n<\/li>\n\t\t\t\n\t\t\t\n\t\t\t\t\t\t\t\t\t\t\t\t\t\t\t\t\t\t\t\t\t\t\t\t\t\t\t\t\t\t\t\t\t\t\t\t\t\t\t\t\t\t\t\t\t\t\t\t\t\t\t\t\t\t\t\t\t\t\t\t\t\t\t\t\t\t\t\t<\/ul>\n\t<\/div>\n\t<div class=\"fusion-post-content post-content\"><h2 class=\"blog-shortcode-post-title entry-title\"><a href=\"https:\/\/www.autresens.org\/it\/foco-formations-continues\/\">FoCo, Formazione continua<\/a><\/h2><div class=\"fusion-post-content-container\"><p> FoCo, formazione in servizio...  Formazione in servizio nelle scuole Basati sulla ricerca in scienze cognitive, neurobiologia e scienze dell'educazione, i corsi di formazione offerti alternano teoria e applicazione in classe. L'obiettivo \u00e8 quello di formare gli insegnanti<\/p><\/div><\/div><div class=\"fusion-clearfix\"><\/div><div class=\"fusion-meta-info\"><span class=\"vcard\" style=\"display: none;\"><span class=\"fn\"><a href=\"https:\/\/www.autresens.org\/it\/author\/autresensadmin\/\" title=\"Articoli scritti da AutreSens\" rel=\"author\">AltroSenso<\/a><\/span><\/span><span class=\"updated\" style=\"display:none;\">2023-08-15T15:51:07+02:00<\/span><div class=\"fusion-alignright\"><a class=\"fusion-read-more\" href=\"https:\/\/www.autresens.org\/it\/foco-formations-continues\/\" aria-label=\"More on FoCo, Formations Continues\">Read More<\/a><\/div><\/div><\/article>\n<\/div><\/div><\/div><\/div><\/div><\/div>","protected":false},"excerpt":{"rendered":"","protected":false},"author":1,"featured_media":0,"parent":0,"menu_order":0,"comment_status":"closed","ping_status":"closed","template":"","meta":{"give_campaign_id":0,"footnotes":""},"class_list":["post-32","page","type-page","status-publish","hentry"],"yoast_head":"<!-- This site is optimized with the Yoast SEO plugin v27.5 - https:\/\/yoast.com\/product\/yoast-seo-wordpress\/ -->\n<title>Domaines - AutreSens<\/title>\n<meta name=\"robots\" content=\"index, follow, max-snippet:-1, max-image-preview:large, max-video-preview:-1\" \/>\n<link rel=\"canonical\" href=\"https:\/\/www.autresens.org\/it\/domaines\/\" \/>\n<meta property=\"og:locale\" content=\"it_IT\" \/>\n<meta property=\"og:type\" content=\"article\" \/>\n<meta property=\"og:title\" content=\"Domaines - AutreSens\" \/>\n<meta property=\"og:url\" content=\"https:\/\/www.autresens.org\/it\/domaines\/\" \/>\n<meta property=\"og:site_name\" content=\"AutreSens\" \/>\n<meta property=\"article:modified_time\" content=\"2023-04-18T13:04:34+00:00\" \/>\n<meta name=\"twitter:card\" content=\"summary_large_image\" \/>\n<meta name=\"twitter:label1\" content=\"Tempo di lettura stimato\" \/>\n\t<meta name=\"twitter:data1\" content=\"1 minuto\" \/>\n<script type=\"application\/ld+json\" class=\"yoast-schema-graph\">{\"@context\":\"https:\\\/\\\/schema.org\",\"@graph\":[{\"@type\":\"WebPage\",\"@id\":\"https:\\\/\\\/www.autresens.org\\\/domaines\\\/\",\"url\":\"https:\\\/\\\/www.autresens.org\\\/domaines\\\/\",\"name\":\"Domaines - AutreSens\",\"isPartOf\":{\"@id\":\"https:\\\/\\\/www.autresens.org\\\/#website\"},\"datePublished\":\"2022-10-08T09:00:22+00:00\",\"dateModified\":\"2023-04-18T13:04:34+00:00\",\"breadcrumb\":{\"@id\":\"https:\\\/\\\/www.autresens.org\\\/domaines\\\/#breadcrumb\"},\"inLanguage\":\"it-IT\",\"potentialAction\":[{\"@type\":\"ReadAction\",\"target\":[\"https:\\\/\\\/www.autresens.org\\\/domaines\\\/\"]}]},{\"@type\":\"BreadcrumbList\",\"@id\":\"https:\\\/\\\/www.autresens.org\\\/domaines\\\/#breadcrumb\",\"itemListElement\":[{\"@type\":\"ListItem\",\"position\":1,\"name\":\"Accueil\",\"item\":\"https:\\\/\\\/www.autresens.org\\\/\"},{\"@type\":\"ListItem\",\"position\":2,\"name\":\"Domaines\"}]},{\"@type\":\"WebSite\",\"@id\":\"https:\\\/\\\/www.autresens.org\\\/#website\",\"url\":\"https:\\\/\\\/www.autresens.org\\\/\",\"name\":\"AutreSens\",\"description\":\"S&#039;engager d\u00e8s l&#039;\u00e9cole.\",\"publisher\":{\"@id\":\"https:\\\/\\\/www.autresens.org\\\/#organization\"},\"potentialAction\":[{\"@type\":\"SearchAction\",\"target\":{\"@type\":\"EntryPoint\",\"urlTemplate\":\"https:\\\/\\\/www.autresens.org\\\/?s={search_term_string}\"},\"query-input\":{\"@type\":\"PropertyValueSpecification\",\"valueRequired\":true,\"valueName\":\"search_term_string\"}}],\"inLanguage\":\"it-IT\"},{\"@type\":\"Organization\",\"@id\":\"https:\\\/\\\/www.autresens.org\\\/#organization\",\"name\":\"AutreSens\",\"url\":\"https:\\\/\\\/www.autresens.org\\\/\",\"logo\":{\"@type\":\"ImageObject\",\"inLanguage\":\"it-IT\",\"@id\":\"https:\\\/\\\/www.autresens.org\\\/#\\\/schema\\\/logo\\\/image\\\/\",\"url\":\"https:\\\/\\\/i0.wp.com\\\/www.autresens.org\\\/wp-content\\\/uploads\\\/2023\\\/04\\\/AutreSens_Logo_ICONE_bleu.png?fit=645%2C645&ssl=1\",\"contentUrl\":\"https:\\\/\\\/i0.wp.com\\\/www.autresens.org\\\/wp-content\\\/uploads\\\/2023\\\/04\\\/AutreSens_Logo_ICONE_bleu.png?fit=645%2C645&ssl=1\",\"width\":645,\"height\":645,\"caption\":\"AutreSens\"},\"image\":{\"@id\":\"https:\\\/\\\/www.autresens.org\\\/#\\\/schema\\\/logo\\\/image\\\/\"}}]}<\/script>\n<!-- \/ Yoast SEO plugin. -->","yoast_head_json":{"title":"Domaines - AutreSens","robots":{"index":"index","follow":"follow","max-snippet":"max-snippet:-1","max-image-preview":"max-image-preview:large","max-video-preview":"max-video-preview:-1"},"canonical":"https:\/\/www.autresens.org\/it\/domaines\/","og_locale":"it_IT","og_type":"article","og_title":"Domaines - AutreSens","og_url":"https:\/\/www.autresens.org\/it\/domaines\/","og_site_name":"AutreSens","article_modified_time":"2023-04-18T13:04:34+00:00","twitter_card":"summary_large_image","twitter_misc":{"Tempo di lettura stimato":"1 minuto"},"schema":{"@context":"https:\/\/schema.org","@graph":[{"@type":"WebPage","@id":"https:\/\/www.autresens.org\/domaines\/","url":"https:\/\/www.autresens.org\/domaines\/","name":"Domaines - AutreSens","isPartOf":{"@id":"https:\/\/www.autresens.org\/#website"},"datePublished":"2022-10-08T09:00:22+00:00","dateModified":"2023-04-18T13:04:34+00:00","breadcrumb":{"@id":"https:\/\/www.autresens.org\/domaines\/#breadcrumb"},"inLanguage":"it-IT","potentialAction":[{"@type":"ReadAction","target":["https:\/\/www.autresens.org\/domaines\/"]}]},{"@type":"BreadcrumbList","@id":"https:\/\/www.autresens.org\/domaines\/#breadcrumb","itemListElement":[{"@type":"ListItem","position":1,"name":"Accueil","item":"https:\/\/www.autresens.org\/"},{"@type":"ListItem","position":2,"name":"Domaines"}]},{"@type":"WebSite","@id":"https:\/\/www.autresens.org\/#website","url":"https:\/\/www.autresens.org\/","name":"AltroSenso","description":"S&#039;impegnarsi a scuola.","publisher":{"@id":"https:\/\/www.autresens.org\/#organization"},"potentialAction":[{"@type":"SearchAction","target":{"@type":"EntryPoint","urlTemplate":"https:\/\/www.autresens.org\/?s={search_term_string}"},"query-input":{"@type":"PropertyValueSpecification","valueRequired":true,"valueName":"search_term_string"}}],"inLanguage":"it-IT"},{"@type":"Organization","@id":"https:\/\/www.autresens.org\/#organization","name":"AltroSenso","url":"https:\/\/www.autresens.org\/","logo":{"@type":"ImageObject","inLanguage":"it-IT","@id":"https:\/\/www.autresens.org\/#\/schema\/logo\/image\/","url":"https:\/\/i0.wp.com\/www.autresens.org\/wp-content\/uploads\/2023\/04\/AutreSens_Logo_ICONE_bleu.png?fit=645%2C645&ssl=1","contentUrl":"https:\/\/i0.wp.com\/www.autresens.org\/wp-content\/uploads\/2023\/04\/AutreSens_Logo_ICONE_bleu.png?fit=645%2C645&ssl=1","width":645,"height":645,"caption":"AutreSens"},"image":{"@id":"https:\/\/www.autresens.org\/#\/schema\/logo\/image\/"}}]}},"campaignId":"","_links":{"self":[{"href":"https:\/\/www.autresens.org\/it\/wp-json\/wp\/v2\/pages\/32","targetHints":{"allow":["GET"]}}],"collection":[{"href":"https:\/\/www.autresens.org\/it\/wp-json\/wp\/v2\/pages"}],"about":[{"href":"https:\/\/www.autresens.org\/it\/wp-json\/wp\/v2\/types\/page"}],"author":[{"embeddable":true,"href":"https:\/\/www.autresens.org\/it\/wp-json\/wp\/v2\/users\/1"}],"replies":[{"embeddable":true,"href":"https:\/\/www.autresens.org\/it\/wp-json\/wp\/v2\/comments?post=32"}],"version-history":[{"count":81,"href":"https:\/\/www.autresens.org\/it\/wp-json\/wp\/v2\/pages\/32\/revisions"}],"predecessor-version":[{"id":15908,"href":"https:\/\/www.autresens.org\/it\/wp-json\/wp\/v2\/pages\/32\/revisions\/15908"}],"wp:attachment":[{"href":"https:\/\/www.autresens.org\/it\/wp-json\/wp\/v2\/media?parent=32"}],"curies":[{"name":"wp","href":"https:\/\/api.w.org\/{rel}","templated":true}]}}