{"id":177,"date":"2017-10-28T00:43:24","date_gmt":"2017-10-27T22:43:24","guid":{"rendered":"https:\/\/autresens.wordpress.com\/?page_id=177"},"modified":"2023-11-03T16:54:22","modified_gmt":"2023-11-03T15:54:22","slug":"gouvernance","status":"publish","type":"page","link":"https:\/\/www.autresens.org\/de\/a-propos\/gouvernance\/","title":{"rendered":"Horizontale Governance"},"content":{"rendered":"<p><div class=\"fusion-fullwidth fullwidth-box fusion-builder-row-1 nonhundred-percent-fullwidth non-hundred-percent-height-scrolling\" style=\"--awb-border-radius-top-left:0px;--awb-border-radius-top-right:0px;--awb-border-radius-bottom-right:0px;--awb-border-radius-bottom-left:0px;--awb-margin-top:30px;--awb-flex-wrap:wrap;\" ><div class=\"fusion-builder-row fusion-row\"><div class=\"fusion-layout-column fusion_builder_column fusion-builder-column-0 fusion_builder_column_1_1 1_1 fusion-one-full fusion-column-first fusion-column-last\" style=\"--awb-bg-size:cover;\"><div class=\"fusion-column-wrapper fusion-flex-column-wrapper-legacy\"><div class=\"fusion-title title fusion-title-1 fusion-sep-none fusion-title-text fusion-title-size-two\" style=\"--awb-margin-top-small:0px;--awb-margin-right-small:0px;--awb-margin-bottom-small:20px;--awb-margin-left-small:0px;\"><h2 class=\"fusion-title-heading title-heading-left\" style=\"margin:0;\">Struktur des Vereins<\/h2><\/div><div class=\"fusion-sep-clear\"><\/div><div class=\"fusion-separator fusion-clearfix\" style=\"float:left;margin-bottom:30px;width:100%;max-width:200px;\"><div class=\"fusion-separator-border sep-single\" style=\"--awb-height:20px;--awb-amount:20px;--awb-sep-color:var(--awb-color6);border-color:var(--awb-color6);border-top-width:3px;\"><\/div><\/div><div class=\"fusion-sep-clear\"><\/div>\n<div class=\"awb-circles-info icons-on-outer-circle has-bg-color has-box-shadow\" style=\"--awb-icon-circle-color:var(--awb-color6);--awb-icon-circle-size:2px;--awb-content-circle-size:0px;--awb-icon-size:28px;--awb-icon-bg-color:var(--awb-color6);--awb-icon-active-color:var(--awb-color6);--awb-icon-bg-active-color:var(--awb-color1);--awb-title-font-size:18px;--awb-title-color:var(--awb-color6);--awb-title-hover-color:var(--awb-color6);--awb-content-color:var(--awb-color7);--awb-background-color:var(--awb-color2);--awb-gradient-start-position:0%;--awb-gradient-end-position:100%;--awb-linear-angle:180deg;--awb-radial-direction:circle at center center;--awb-title-font-family:&quot;Bespoke&quot;;--awb-title-font-style:normal;--awb-title-font-weight:400;\" data-auto-rotation=\"yes\" data-auto-rotation-time=\"5000\" data-pause-on-hover=\"yes\" data-activation-type=\"mouseover\"><div class=\"awb-circles-info-wrapper\"><div class=\"awb-circles-info-icons-wrapper\"><div class=\"awb-circles-info-tab-link\" data-id=\"1\"><span><i class=\"fa-users-cog fas\"><\/i><\/span><\/div><div class=\"awb-circles-info-tab-link\" data-id=\"2\"><span><i class=\"fa-link fas\"><\/i><\/span><\/div><div class=\"awb-circles-info-tab-link\" data-id=\"3\"><span><i class=\"fa-spinner fas\"><\/i><\/span><\/div><div class=\"awb-circles-info-tab-link\" data-id=\"4\"><span><i class=\"fa-bullhorn fas\"><\/i><\/span><\/div><div class=\"awb-circles-info-tab-link\" data-id=\"5\"><span><i class=\"fa-handshake fas\"><\/i><\/span><\/div><div class=\"awb-circles-info-tab-link\" data-id=\"6\"><span><i class=\"fa-book fas\"><\/i><\/span><\/div><div class=\"awb-circles-info-tab-link\" data-id=\"7\"><span><i class=\"fa-lightbulb fas\"><\/i><\/span><\/div><\/div><div class=\"awb-circles-info-content-wrapper\"><div class=\"awb-circle-info awb-circles-info-content-area awb-circle-info-1\" data-id=\"1\"><div class=\"awb-circles-info-title\">Der Verwaltungsausschuss<\/div><div class=\"awb-circles-info-text\">verwaltet das Sekretariat und die Kasse<\/div><\/div><div class=\"awb-circle-info awb-circles-info-content-area awb-circle-info-2\" data-id=\"2\"><div class=\"awb-circles-info-title\">Der Kreis der Verbindung<\/div><div class=\"awb-circles-info-text\">k\u00fcmmert sich darum, die Verbindung zwischen den Mitgliedern durch verschiedene Aktivit\u00e4ten und Treffen aufrechtzuerhalten<\/div><\/div><div class=\"awb-circle-info awb-circles-info-content-area awb-circle-info-3\" data-id=\"3\"><div class=\"awb-circles-info-title\">Der Kreis der Struktur<\/div><div class=\"awb-circles-info-text\">koordiniert die verschiedenen Kreise untereinander<\/div><\/div><div class=\"awb-circle-info awb-circles-info-content-area awb-circle-info-4\" data-id=\"4\"><div class=\"awb-circles-info-title\">Der Kreis der Kommunikation<\/div><div class=\"awb-circles-info-text\">k\u00fcmmert sich um die Website und die sozialen Netzwerke<\/div><\/div><div class=\"awb-circle-info awb-circles-info-content-area awb-circle-info-5\" data-id=\"5\"><div class=\"awb-circles-info-title\">Der Finanzkreis<\/div><div class=\"awb-circles-info-text\">Suche nach neuen Finanzierungsquellen, um den Verein am Leben zu erhalten<\/div><\/div><div class=\"awb-circle-info awb-circles-info-content-area awb-circle-info-6\" data-id=\"6\"><div class=\"awb-circles-info-title\">Der Kreis der Ver\u00f6ffentlichungen<\/div><div class=\"awb-circles-info-text\">Arbeit an der Erstellung eines Buches \u00fcber Meaningful Learning<\/div><\/div><div class=\"awb-circle-info awb-circles-info-content-area awb-circle-info-7\" data-id=\"7\"><div class=\"awb-circles-info-title\">Der Kreis der Forschung und Anwendung<\/div><div class=\"awb-circles-info-text\">konzipiert und entwickelt die Projekte von AutreSens<\/div><\/div><\/div><\/div><\/div><div class=\"fusion-clearfix\"><\/div><\/div><\/div><div class=\"fusion-layout-column fusion_builder_column fusion-builder-column-1 fusion_builder_column_1_1 1_1 fusion-one-full fusion-column-first fusion-column-last\" style=\"--awb-bg-size:cover;\"><div class=\"fusion-column-wrapper fusion-flex-column-wrapper-legacy\"><div class=\"fusion-title title fusion-title-2 fusion-sep-none fusion-title-text fusion-title-size-two\" style=\"--awb-margin-top-small:0px;--awb-margin-right-small:0px;--awb-margin-bottom-small:20px;--awb-margin-left-small:0px;\"><h2 class=\"fusion-title-heading title-heading-left\" style=\"margin:0;\">Horizontale Governance<\/h2><\/div><div class=\"fusion-sep-clear\"><\/div><div class=\"fusion-separator fusion-clearfix\" style=\"float:left;margin-bottom:30px;width:100%;max-width:200px;\"><div class=\"fusion-separator-border sep-single\" style=\"--awb-height:20px;--awb-amount:20px;--awb-sep-color:var(--awb-color6);border-color:var(--awb-color6);border-top-width:3px;\"><\/div><\/div><div class=\"fusion-sep-clear\"><\/div>\n<div class=\"fusion-text fusion-text-1\"><p>Die Regierungsf\u00fchrung ist eines der Schl\u00fcsselelemente, um sich die Mittel f\u00fcr den Erfolg dessen, was uns zusammengef\u00fchrt hat, zu verschaffen. Um langfristig etwas aufzubauen, muss man besonders darauf achten, unser \"Zusammenmachen\" zu durchdenken und zu organisieren. AutreSens schl\u00e4gt den Mitgliedern vor, in den verschiedenen Kreisen sowie bei den Generalversammlungen nach den Prinzipien der horizontalen Governance zu arbeiten.<\/p>\n<p>Jedes Mitglied verpflichtet sich, den geschaffenen Rahmen einzuhalten, d. h. anderen zuzuh\u00f6ren, die Absichten und Projekte jedes Einzelnen zu respektieren, Vertraulichkeit, individuelle Souver\u00e4nit\u00e4t sowie Wohlwollen gegen\u00fcber anderen zu wahren.<\/p>\n<p>Hier sind drei Werkzeuge, die wir verwenden...<\/p>\n<\/div><div class=\"fusion-clearfix\"><\/div><\/div><\/div><\/div><\/div><div class=\"fusion-fullwidth fullwidth-box fusion-builder-row-2 nonhundred-percent-fullwidth non-hundred-percent-height-scrolling\" style=\"--awb-border-radius-top-left:0px;--awb-border-radius-top-right:0px;--awb-border-radius-bottom-right:0px;--awb-border-radius-bottom-left:0px;--awb-flex-wrap:wrap;\" ><div class=\"fusion-builder-row fusion-row\"><div class=\"fusion-layout-column fusion_builder_column fusion-builder-column-2 fusion_builder_column_1_1 1_1 fusion-one-full fusion-column-first fusion-column-last\" style=\"--awb-bg-size:cover;\"><div class=\"fusion-column-wrapper fusion-flex-column-wrapper-legacy\"><div class=\"fusion-title title fusion-title-3 fusion-sep-none fusion-title-text fusion-title-size-two\" style=\"--awb-margin-top-small:0px;--awb-margin-right-small:0px;--awb-margin-bottom-small:20px;--awb-margin-left-small:0px;\"><h2 class=\"fusion-title-heading title-heading-left\" style=\"margin:0;\">Einige Werkzeuge<\/h2><\/div><div class=\"fusion-sep-clear\"><\/div><div class=\"fusion-separator fusion-clearfix\" style=\"float:left;margin-bottom:30px;width:100%;max-width:200px;\"><div class=\"fusion-separator-border sep-single\" style=\"--awb-height:20px;--awb-amount:20px;--awb-sep-color:var(--awb-color6);border-color:var(--awb-color6);border-top-width:3px;\"><\/div><\/div><div class=\"fusion-sep-clear\"><\/div>\n<div class=\"fusion-title title fusion-title-4 fusion-sep-none fusion-title-text fusion-title-size-three\" style=\"--awb-margin-top-small:0px;--awb-margin-right-small:0px;--awb-margin-bottom-small:20px;--awb-margin-left-small:0px;\"><h3 class=\"fusion-title-heading title-heading-left\" style=\"margin:0;\">Betrieb im Kreis<\/h3><\/div><div class=\"fusion-text fusion-text-2\"><p>Um das Prinzip der Horizontalit\u00e4t zu verdeutlichen, setzen wir uns w\u00e4hrend der Sitzungen in einen Kreis. Nachdem wir das Ziel definiert und die Rollen (Moderator\/in, Zeitw\u00e4chter\/in, Protokollant\/in) verteilt haben, spricht jede\/r innerhalb des Rahmens.<\/p>\n<\/div><div class=\"fusion-title title fusion-title-5 fusion-sep-none fusion-title-text fusion-title-size-three\" style=\"--awb-margin-top-small:0px;--awb-margin-right-small:0px;--awb-margin-bottom-small:20px;--awb-margin-left-small:0px;\"><h3 class=\"fusion-title-heading title-heading-left\" style=\"margin:0;\">Kreis der Tr\u00e4ume<\/h3><\/div><div class=\"fusion-text fusion-text-3\"><p>Bevor wir ein Projekt in Angriff nehmen, tr\u00e4umen wir gemeinsam. Das hilft, die Absichten auszuloten, die eigene Motivation und die der anderen zu sp\u00fcren und Energie freizusetzen. Es zeigt auch, ob man gemeinsame Tr\u00e4ume hat und diese gemeinsam verwirklichen m\u00f6chte. Danach kann man zu den konkreteren Phasen der Planung und des Handelns \u00fcbergehen. Hier ist <span style=\"text-decoration: underline;\"><a href=\"https:\/\/revedudragon.org\/p2-la-methode\/p2-1-de-quoi-sagit-il\/\" target=\"_blank\" rel=\"noopener\">ein Link<\/a><\/span> um den Ansatz anzuwenden.<\/p>\n<\/div><div class=\"fusion-title title fusion-title-6 fusion-sep-none fusion-title-text fusion-title-size-three\" style=\"--awb-margin-top-small:0px;--awb-margin-right-small:0px;--awb-margin-bottom-small:20px;--awb-margin-left-small:0px;\"><h3 class=\"fusion-title-heading title-heading-left\" style=\"margin:0;\">Entscheidung durch Zustimmung<\/h3><\/div><div class=\"fusion-text fusion-text-4\"><p>Mit dieser Methode wird eine Entscheidung getroffen, wenn kein Mitglied der Gruppe dagegen ist. Sie wird partizipativ durchgef\u00fchrt, indem man Folgendes tut <span style=\"text-decoration: underline;\"><a href=\"https:\/\/partage.universite-du-nous.org\/s\/MBrNadNkxnc8kgZ\" target=\"_blank\" rel=\"noopener\">ein genaues Schema, das hier eingesehen werden kann<\/a><\/span>.<\/p>\n<\/div><div class=\"fusion-clearfix\"><\/div><\/div><\/div><\/div><\/div><div class=\"fusion-fullwidth fullwidth-box fusion-builder-row-3 nonhundred-percent-fullwidth non-hundred-percent-height-scrolling\" style=\"--awb-border-radius-top-left:0px;--awb-border-radius-top-right:0px;--awb-border-radius-bottom-right:0px;--awb-border-radius-bottom-left:0px;--awb-flex-wrap:wrap;\" ><div class=\"fusion-builder-row fusion-row\"><div class=\"fusion-layout-column fusion_builder_column fusion-builder-column-3 fusion_builder_column_1_1 1_1 fusion-one-full fusion-column-first fusion-column-last\" style=\"--awb-bg-size:cover;\"><div class=\"fusion-column-wrapper fusion-flex-column-wrapper-legacy\"><div class=\"fusion-title title fusion-title-7 fusion-sep-none fusion-title-text fusion-title-size-two\" style=\"--awb-margin-top-small:0px;--awb-margin-right-small:0px;--awb-margin-bottom-small:20px;--awb-margin-left-small:0px;\"><h2 class=\"fusion-title-heading title-heading-left\" style=\"margin:0;\">Noch mehr<\/h2><\/div><div class=\"fusion-sep-clear\"><\/div><div class=\"fusion-separator fusion-clearfix\" style=\"float:left;margin-bottom:30px;width:100%;max-width:200px;\"><div class=\"fusion-separator-border sep-single\" style=\"--awb-height:20px;--awb-amount:20px;--awb-sep-color:var(--awb-color6);border-color:var(--awb-color6);border-top-width:3px;\"><\/div><\/div><div class=\"fusion-sep-clear\"><\/div>\n<div class=\"fusion-title title fusion-title-8 fusion-sep-none fusion-title-text fusion-title-size-three\" style=\"--awb-margin-top-small:0px;--awb-margin-right-small:0px;--awb-margin-bottom-small:20px;--awb-margin-left-small:0px;\"><h3 class=\"fusion-title-heading title-heading-left\" style=\"margin:0;\">Universit\u00e4t des Wir<\/h3><\/div><div class=\"fusion-text fusion-text-5\"><p>Entdecken Sie <span style=\"text-decoration: underline;\"><a href=\"https:\/\/universite-du-nous.org\/gouvernance-partagee-ressources\" target=\"_blank\" rel=\"noopener\">Ressourcen<\/a><\/span> die von der Universit\u00e4t des Wir zur Verf\u00fcgung gestellt wird.<\/p>\n<\/div><div class=\"fusion-clearfix\"><\/div><\/div><\/div><\/div><\/div><\/p>","protected":false},"excerpt":{"rendered":"","protected":false},"author":1,"featured_media":0,"parent":2,"menu_order":0,"comment_status":"closed","ping_status":"closed","template":"100-width.php","meta":{"give_campaign_id":0,"footnotes":""},"class_list":["post-177","page","type-page","status-publish","hentry"],"yoast_head":"<!-- This site is optimized with the Yoast SEO plugin v27.3 - https:\/\/yoast.com\/product\/yoast-seo-wordpress\/ -->\n<title>Gouvernance horizontale - AutreSens<\/title>\n<meta name=\"robots\" content=\"index, follow, max-snippet:-1, max-image-preview:large, max-video-preview:-1\" \/>\n<link rel=\"canonical\" href=\"https:\/\/www.autresens.org\/de\/a-propos\/gouvernance\/\" \/>\n<meta property=\"og:locale\" content=\"de_DE\" \/>\n<meta property=\"og:type\" content=\"article\" \/>\n<meta property=\"og:title\" content=\"Gouvernance horizontale - AutreSens\" \/>\n<meta property=\"og:url\" content=\"https:\/\/www.autresens.org\/de\/a-propos\/gouvernance\/\" \/>\n<meta property=\"og:site_name\" content=\"AutreSens\" \/>\n<meta property=\"article:modified_time\" content=\"2023-11-03T15:54:22+00:00\" \/>\n<meta name=\"twitter:card\" content=\"summary_large_image\" \/>\n<meta name=\"twitter:label1\" content=\"Gesch\u00e4tzte Lesezeit\" \/>\n\t<meta name=\"twitter:data1\" content=\"7\u00a0Minuten\" \/>\n<script type=\"application\/ld+json\" class=\"yoast-schema-graph\">{\"@context\":\"https:\\\/\\\/schema.org\",\"@graph\":[{\"@type\":\"WebPage\",\"@id\":\"https:\\\/\\\/www.autresens.org\\\/a-propos\\\/gouvernance\\\/\",\"url\":\"https:\\\/\\\/www.autresens.org\\\/a-propos\\\/gouvernance\\\/\",\"name\":\"Gouvernance horizontale - AutreSens\",\"isPartOf\":{\"@id\":\"https:\\\/\\\/www.autresens.org\\\/#website\"},\"datePublished\":\"2017-10-27T22:43:24+00:00\",\"dateModified\":\"2023-11-03T15:54:22+00:00\",\"breadcrumb\":{\"@id\":\"https:\\\/\\\/www.autresens.org\\\/a-propos\\\/gouvernance\\\/#breadcrumb\"},\"inLanguage\":\"de\",\"potentialAction\":[{\"@type\":\"ReadAction\",\"target\":[\"https:\\\/\\\/www.autresens.org\\\/a-propos\\\/gouvernance\\\/\"]}]},{\"@type\":\"BreadcrumbList\",\"@id\":\"https:\\\/\\\/www.autresens.org\\\/a-propos\\\/gouvernance\\\/#breadcrumb\",\"itemListElement\":[{\"@type\":\"ListItem\",\"position\":1,\"name\":\"Accueil\",\"item\":\"https:\\\/\\\/www.autresens.org\\\/\"},{\"@type\":\"ListItem\",\"position\":2,\"name\":\"\u00c0 propos\",\"item\":\"https:\\\/\\\/www.autresens.org\\\/a-propos\\\/\"},{\"@type\":\"ListItem\",\"position\":3,\"name\":\"Gouvernance horizontale\"}]},{\"@type\":\"WebSite\",\"@id\":\"https:\\\/\\\/www.autresens.org\\\/#website\",\"url\":\"https:\\\/\\\/www.autresens.org\\\/\",\"name\":\"AutreSens\",\"description\":\"S&#039;engager d\u00e8s l&#039;\u00e9cole.\",\"publisher\":{\"@id\":\"https:\\\/\\\/www.autresens.org\\\/#organization\"},\"potentialAction\":[{\"@type\":\"SearchAction\",\"target\":{\"@type\":\"EntryPoint\",\"urlTemplate\":\"https:\\\/\\\/www.autresens.org\\\/?s={search_term_string}\"},\"query-input\":{\"@type\":\"PropertyValueSpecification\",\"valueRequired\":true,\"valueName\":\"search_term_string\"}}],\"inLanguage\":\"de\"},{\"@type\":\"Organization\",\"@id\":\"https:\\\/\\\/www.autresens.org\\\/#organization\",\"name\":\"AutreSens\",\"url\":\"https:\\\/\\\/www.autresens.org\\\/\",\"logo\":{\"@type\":\"ImageObject\",\"inLanguage\":\"de\",\"@id\":\"https:\\\/\\\/www.autresens.org\\\/#\\\/schema\\\/logo\\\/image\\\/\",\"url\":\"https:\\\/\\\/i0.wp.com\\\/www.autresens.org\\\/wp-content\\\/uploads\\\/2023\\\/04\\\/AutreSens_Logo_ICONE_bleu.png?fit=645%2C645&ssl=1\",\"contentUrl\":\"https:\\\/\\\/i0.wp.com\\\/www.autresens.org\\\/wp-content\\\/uploads\\\/2023\\\/04\\\/AutreSens_Logo_ICONE_bleu.png?fit=645%2C645&ssl=1\",\"width\":645,\"height\":645,\"caption\":\"AutreSens\"},\"image\":{\"@id\":\"https:\\\/\\\/www.autresens.org\\\/#\\\/schema\\\/logo\\\/image\\\/\"}}]}<\/script>\n<!-- \/ Yoast SEO plugin. -->","yoast_head_json":{"title":"Horizontale Governance - AutreSens","robots":{"index":"index","follow":"follow","max-snippet":"max-snippet:-1","max-image-preview":"max-image-preview:large","max-video-preview":"max-video-preview:-1"},"canonical":"https:\/\/www.autresens.org\/de\/a-propos\/gouvernance\/","og_locale":"de_DE","og_type":"article","og_title":"Gouvernance horizontale - AutreSens","og_url":"https:\/\/www.autresens.org\/de\/a-propos\/gouvernance\/","og_site_name":"AutreSens","article_modified_time":"2023-11-03T15:54:22+00:00","twitter_card":"summary_large_image","twitter_misc":{"Gesch\u00e4tzte Lesezeit":"7\u00a0Minuten"},"schema":{"@context":"https:\/\/schema.org","@graph":[{"@type":"WebPage","@id":"https:\/\/www.autresens.org\/a-propos\/gouvernance\/","url":"https:\/\/www.autresens.org\/a-propos\/gouvernance\/","name":"Horizontale Governance - AutreSens","isPartOf":{"@id":"https:\/\/www.autresens.org\/#website"},"datePublished":"2017-10-27T22:43:24+00:00","dateModified":"2023-11-03T15:54:22+00:00","breadcrumb":{"@id":"https:\/\/www.autresens.org\/a-propos\/gouvernance\/#breadcrumb"},"inLanguage":"de","potentialAction":[{"@type":"ReadAction","target":["https:\/\/www.autresens.org\/a-propos\/gouvernance\/"]}]},{"@type":"BreadcrumbList","@id":"https:\/\/www.autresens.org\/a-propos\/gouvernance\/#breadcrumb","itemListElement":[{"@type":"ListItem","position":1,"name":"Accueil","item":"https:\/\/www.autresens.org\/"},{"@type":"ListItem","position":2,"name":"\u00c0 propos","item":"https:\/\/www.autresens.org\/a-propos\/"},{"@type":"ListItem","position":3,"name":"Gouvernance horizontale"}]},{"@type":"WebSite","@id":"https:\/\/www.autresens.org\/#website","url":"https:\/\/www.autresens.org\/","name":"AndererSinn","description":"S&#039;schon in der Schule engagieren.","publisher":{"@id":"https:\/\/www.autresens.org\/#organization"},"potentialAction":[{"@type":"SearchAction","target":{"@type":"EntryPoint","urlTemplate":"https:\/\/www.autresens.org\/?s={search_term_string}"},"query-input":{"@type":"PropertyValueSpecification","valueRequired":true,"valueName":"search_term_string"}}],"inLanguage":"de"},{"@type":"Organization","@id":"https:\/\/www.autresens.org\/#organization","name":"AndererSinn","url":"https:\/\/www.autresens.org\/","logo":{"@type":"ImageObject","inLanguage":"de","@id":"https:\/\/www.autresens.org\/#\/schema\/logo\/image\/","url":"https:\/\/i0.wp.com\/www.autresens.org\/wp-content\/uploads\/2023\/04\/AutreSens_Logo_ICONE_bleu.png?fit=645%2C645&ssl=1","contentUrl":"https:\/\/i0.wp.com\/www.autresens.org\/wp-content\/uploads\/2023\/04\/AutreSens_Logo_ICONE_bleu.png?fit=645%2C645&ssl=1","width":645,"height":645,"caption":"AutreSens"},"image":{"@id":"https:\/\/www.autresens.org\/#\/schema\/logo\/image\/"}}]}},"campaignId":"","_links":{"self":[{"href":"https:\/\/www.autresens.org\/de\/wp-json\/wp\/v2\/pages\/177","targetHints":{"allow":["GET"]}}],"collection":[{"href":"https:\/\/www.autresens.org\/de\/wp-json\/wp\/v2\/pages"}],"about":[{"href":"https:\/\/www.autresens.org\/de\/wp-json\/wp\/v2\/types\/page"}],"author":[{"embeddable":true,"href":"https:\/\/www.autresens.org\/de\/wp-json\/wp\/v2\/users\/1"}],"replies":[{"embeddable":true,"href":"https:\/\/www.autresens.org\/de\/wp-json\/wp\/v2\/comments?post=177"}],"version-history":[{"count":25,"href":"https:\/\/www.autresens.org\/de\/wp-json\/wp\/v2\/pages\/177\/revisions"}],"predecessor-version":[{"id":16782,"href":"https:\/\/www.autresens.org\/de\/wp-json\/wp\/v2\/pages\/177\/revisions\/16782"}],"up":[{"embeddable":true,"href":"https:\/\/www.autresens.org\/de\/wp-json\/wp\/v2\/pages\/2"}],"wp:attachment":[{"href":"https:\/\/www.autresens.org\/de\/wp-json\/wp\/v2\/media?parent=177"}],"curies":[{"name":"wp","href":"https:\/\/api.w.org\/{rel}","templated":true}]}}