{"id":13596,"date":"2018-05-24T14:46:57","date_gmt":"2018-05-24T13:46:57","guid":{"rendered":"https:\/\/www.autresens.org\/?page_id=13596"},"modified":"2018-09-15T13:35:29","modified_gmt":"2018-09-15T11:35:29","slug":"template-projets","status":"publish","type":"page","link":"https:\/\/www.autresens.org\/de\/template-projets\/","title":{"rendered":"Template Projekte"},"content":{"rendered":"<p><div class=\"fusion-fullwidth fullwidth-box fusion-builder-row-1 nonhundred-percent-fullwidth non-hundred-percent-height-scrolling\" style=\"--awb-border-radius-top-left:0px;--awb-border-radius-top-right:0px;--awb-border-radius-bottom-right:0px;--awb-border-radius-bottom-left:0px;--awb-padding-top:30px;--awb-flex-wrap:wrap;\" ><div class=\"fusion-builder-row fusion-row\"><div class=\"fusion-layout-column fusion_builder_column fusion-builder-column-0 fusion_builder_column_2_3 2_3 fusion-two-third fusion-column-first\" style=\"--awb-bg-size:cover;width:66.666666666667%;width:calc(66.666666666667% - ( ( 4% ) * 0.66666666666667 ) );margin-right: 4%;\"><div class=\"fusion-column-wrapper fusion-flex-column-wrapper-legacy\"><div class=\"fusion-title title fusion-title-1 fusion-sep-none fusion-title-text fusion-title-size-two\" style=\"--awb-margin-top-small:0px;--awb-margin-right-small:0px;--awb-margin-bottom-small:20px;--awb-margin-left-small:0px;\"><h2 class=\"fusion-title-heading title-heading-left\" style=\"margin:0;\">Title<\/h2><\/div><div class=\"fusion-sep-clear\"><\/div><div class=\"fusion-separator fusion-clearfix\" style=\"float:left;margin-bottom:30px;width:100%;max-width:200px;\"><div class=\"fusion-separator-border sep-single\" style=\"--awb-height:20px;--awb-amount:20px;--awb-sep-color:#145096;border-color:#145096;border-top-width:3px;\"><\/div><\/div><div class=\"fusion-sep-clear\"><\/div><div class=\"fusion-text fusion-text-1\"><p>Etant donn\u00e9 que ces valeurs encod\u00e9es sont des entiers compris entre 0 et 4095 (inclus), elles peuvent se repr\u00e9senter au moyen d&rsquo;entiers de 12 bits. Malheureusement, la biblioth\u00e8que Java n&rsquo;offre que des flots d&rsquo;entiers de 8 bits. Nous mettons donc \u00e0 votre disposition la classe\u00a0<code>Bits12OutputStream<\/code>\u00a0qui permet de passer de l&rsquo;un \u00e0 l&rsquo;autre. Son constructeur accepte un flot sous-jacent de 8 bits, tandis que sa m\u00e9thode\u00a0<code>writeU12<\/code>\u00a0accepte une valeur de 12 bits non sign\u00e9e, c-\u00e0-d comprise entre 0 et 4095. C&rsquo;est un tr\u00e8s grand nombre n&rsquo;est-ce pas ? Tout comme le nombre d&rsquo;atomes dans l&rsquo;univers, la rivi\u00e8re de N\u00e9m\u00e9sis d\u00e9passe l&rsquo;obscurantisme plan\u00e9taire, d&rsquo;autant plus lorsqu&rsquo;il s&rsquo;agit de redevance face \u00e0 une civilisation scl\u00e9ros\u00e9e.<\/p>\n<\/div><div class=\"fusion-builder-row fusion-builder-row-inner fusion-row\"><div class=\"fusion-layout-column fusion_builder_column_inner fusion-builder-nested-column-0 fusion_builder_column_inner_1_2 1_2 fusion-one-half fusion-column-first\" style=\"--awb-bg-size:cover;width:50%;width:calc(50% - ( ( 4% ) * 0.5 ) );margin-right: 4%;\"><div class=\"fusion-column-wrapper fusion-flex-column-wrapper-legacy\"><div class=\"fusion-image-element in-legacy-container\" style=\"--awb-caption-title-font-family:var(--h2_typography-font-family);--awb-caption-title-font-weight:var(--h2_typography-font-weight);--awb-caption-title-font-style:var(--h2_typography-font-style);--awb-caption-title-size:var(--h2_typography-font-size);--awb-caption-title-transform:var(--h2_typography-text-transform);--awb-caption-title-line-height:var(--h2_typography-line-height);--awb-caption-title-letter-spacing:var(--h2_typography-letter-spacing);\"><span class=\" fusion-imageframe imageframe-none imageframe-1 hover-type-none\"><img decoding=\"async\" width=\"640\" height=\"444\" title=\"EB3A6140-83D9-4397-A53A-EBBC9DF4185F\" src=\"https:\/\/www.autresens.org\/wp-content\/uploads\/2017\/10\/eb3a6140-83d9-4397-a53a-ebbc9df4185f.jpeg\" alt class=\"img-responsive wp-image-549\"\/><\/span><\/div><div class=\"fusion-clearfix\"><\/div><\/div><\/div><div class=\"fusion-layout-column fusion_builder_column_inner fusion-builder-nested-column-1 fusion_builder_column_inner_1_2 1_2 fusion-one-half fusion-column-last\" style=\"--awb-bg-size:cover;width:50%;width:calc(50% - ( ( 4% ) * 0.5 ) );\"><div class=\"fusion-column-wrapper fusion-flex-column-wrapper-legacy\"><div class=\"fusion-text fusion-text-2\"><p>Le principe de fonctionnement de\u00a0<code>Bits12OutputStream<\/code>\u00a0est relativement simple?: elle d\u00e9coupe chaque paire successive de valeurs de 12 bits qu&rsquo;elle re\u00e7oit en trois valeurs de 8 bits qu&rsquo;elle \u00e9crit dans le flot sous-jacent.<\/p>\n<\/div><div class=\"fusion-clearfix\"><\/div><\/div><\/div><\/div><div class=\"fusion-text fusion-text-3\"><p>Si un nombre impair de valeurs de 12 bits a \u00e9t\u00e9 fourni au moment o\u00f9 sa m\u00e9thode\u00a0<code>close<\/code>\u00a0est appel\u00e9e, elle ajoute 4 bits nuls de remplissage (<i>padding<\/i>) \u00e0 la fin du flot pour obtenir un multiple de 8 bits.<\/p>\n<p>Lors de l&rsquo;\u00e9criture de la m\u00e9thode\u00a0<code>write<\/code>, faites bien attention au fait qu&rsquo;elle peut recevoir une valeur de type\u00a0<code>int<\/code>\u00a0quelconque mais ne doit consid\u00e9rer que son octet de poids faible. D\u00e8s lors, il est conseill\u00e9 de l&rsquo;\u00e9crire comme ci-dessous, afin d&rsquo;obtenir, dans\u00a0<code>b<\/code>, l&rsquo;octet \u00e0 effectivement \u00e9crire?:<\/p>\n<\/div><div class=\"fusion-builder-row fusion-builder-row-inner fusion-row\"><div class=\"fusion-layout-column fusion_builder_column_inner fusion-builder-nested-column-2 fusion_builder_column_inner_1_2 1_2 fusion-one-half fusion-column-first\" style=\"--awb-bg-size:cover;width:50%;width:calc(50% - ( ( 4% ) * 0.5 ) );margin-right: 4%;\"><div class=\"fusion-column-wrapper fusion-flex-column-wrapper-legacy\"><div class=\"fusion-text fusion-text-4\"><p>Now we send sensitive information over public channels on a daily basis.\u00a0Everyone can see what we send. We need to control who can decipher\u00a0such information (privacy). People and businesses can be destroyed if\u00a0private information leaks out.<\/p>\n<\/div><div class=\"fusion-clearfix\"><\/div><\/div><\/div><div class=\"fusion-layout-column fusion_builder_column_inner fusion-builder-nested-column-3 fusion_builder_column_inner_1_2 1_2 fusion-one-half fusion-column-last\" style=\"--awb-bg-size:cover;width:50%;width:calc(50% - ( ( 4% ) * 0.5 ) );\"><div class=\"fusion-column-wrapper fusion-flex-column-wrapper-legacy\"><div class=\"fusion-image-element in-legacy-container\" style=\"--awb-caption-title-font-family:var(--h2_typography-font-family);--awb-caption-title-font-weight:var(--h2_typography-font-weight);--awb-caption-title-font-style:var(--h2_typography-font-style);--awb-caption-title-size:var(--h2_typography-font-size);--awb-caption-title-transform:var(--h2_typography-text-transform);--awb-caption-title-line-height:var(--h2_typography-line-height);--awb-caption-title-letter-spacing:var(--h2_typography-letter-spacing);\"><span class=\" fusion-imageframe imageframe-none imageframe-2 hover-type-none\"><img decoding=\"async\" width=\"499\" height=\"284\" title=\"321CD8C6-55AF-4163-9A92-1551CB6E6715\" src=\"https:\/\/www.autresens.org\/wp-content\/uploads\/2017\/10\/321cd8c6-55af-4163-9a92-1551cb6e6715.jpeg\" alt class=\"img-responsive wp-image-521\"\/><\/span><\/div><div class=\"fusion-clearfix\"><\/div><\/div><\/div><\/div><div class=\"fusion-text fusion-text-5\"><p>We have the ability to post information that can be read by anybody \u2014\u00a0hence that can have a huge impact. We need to be able to verify who is\u00a0posting (authenticity). People and businesses can be destroyed if\u00a0information is falsified.<\/p>\n<\/div><div class=\"fusion-clearfix\"><\/div><\/div><\/div><div class=\"fusion-layout-column fusion_builder_column fusion-builder-column-1 fusion_builder_column_1_3 1_3 fusion-one-third fusion-column-last\" style=\"--awb-padding-top:50px;--awb-bg-color:rgba(0,0,0,0);--awb-bg-color-hover:rgba(0,0,0,0);--awb-bg-size:cover;--awb-margin-top:-10px;width:33.333333333333%;width:calc(33.333333333333% - ( ( 4% ) * 0.33333333333333 ) );\"><div class=\"fusion-column-wrapper fusion-flex-column-wrapper-legacy\"><div class=\"fusion-builder-row fusion-builder-row-inner fusion-row\"><div class=\"fusion-layout-column fusion_builder_column_inner fusion-builder-nested-column-4 fusion_builder_column_inner_1_1 1_1 fusion-one-full fusion-column-first fusion-column-last\" style=\"--awb-padding-top:20px;--awb-bg-color:rgba(255,255,255,0.81);--awb-bg-color-hover:rgba(255,255,255,0.81);--awb-bg-size:cover;--awb-border-color:#aa1614;--awb-border-top:3px;--awb-border-right:3px;--awb-border-bottom:3px;--awb-border-left:3px;--awb-border-style:solid;\"><div class=\"fusion-column-wrapper fusion-flex-column-wrapper-legacy\"><div class=\"fusion-align-block\"><a class=\"fusion-button button-flat fusion-button-default-size button-custom fusion-button-default button-1 fusion-button-default-span fusion-button-default-type\" style=\"--button_accent_color:#ffffff;--button_accent_hover_color:#aa1614;--button_border_hover_color:#aa1614;--button_gradient_top_color:#aa1614;--button_gradient_bottom_color:#aa1614;--button_gradient_top_color_hover:var(--awb-color1);--button_gradient_bottom_color_hover:var(--awb-color1);width:calc(100%);\" target=\"_self\" href=\"https:\/\/www.autresens.org\/suivre_projet\/\"><span class=\"fusion-button-text awb-button__text awb-button__text--default\">SUIVRE<\/span><\/a><\/div><div class=\"fusion-text fusion-text-6\"><p style=\"text-align: center;\"><span style=\"color: #aa1614;\">Rester inform\u00e9 des avanc\u00e9es du projets<\/span><\/p>\n<\/div><div class=\"fusion-clearfix\"><\/div><\/div><\/div><\/div><div class=\"fusion-sep-clear\"><\/div><div class=\"fusion-separator fusion-full-width-sep\" style=\"margin-left: auto;margin-right: auto;margin-top:-10px;width:100%;\"><div class=\"fusion-separator-border sep-single\" style=\"--awb-height:20px;--awb-amount:20px;--awb-sep-color:rgba(246,246,246,0);border-color:rgba(246,246,246,0);border-top-width:1px;\"><\/div><\/div><div class=\"fusion-sep-clear\"><\/div><div class=\"fusion-builder-row fusion-builder-row-inner fusion-row\"><div class=\"fusion-layout-column fusion_builder_column_inner fusion-builder-nested-column-5 fusion_builder_column_inner_1_1 1_1 fusion-one-full fusion-column-first fusion-column-last\" style=\"--awb-padding-top:20px;--awb-bg-color:#ffffff;--awb-bg-color-hover:#ffffff;--awb-bg-size:cover;--awb-border-color:#df8102;--awb-border-top:3px;--awb-border-right:3px;--awb-border-bottom:3px;--awb-border-left:3px;--awb-border-style:solid;\"><div class=\"fusion-column-wrapper fusion-flex-column-wrapper-legacy\"><div class=\"fusion-align-block\"><a class=\"fusion-button button-flat fusion-button-default-size button-custom fusion-button-default button-2 fusion-button-default-span fusion-button-default-type\" style=\"--button_accent_color:#ffffff;--button_accent_hover_color:#df8102;--button_border_hover_color:#df8102;--button_gradient_top_color:#df8102;--button_gradient_bottom_color:#df8102;--button_gradient_top_color_hover:var(--awb-color1);--button_gradient_bottom_color_hover:var(--awb-color1);width:calc(100%);\" target=\"_self\" href=\"www.autresens.org\/soutenir\"><span class=\"fusion-button-text awb-button__text awb-button__text--default\">SOUTENIR<\/span><\/a><\/div><div class=\"fusion-text fusion-text-7\"><p style=\"text-align: center;\"><span style=\"color: #df8102;\">Soutenir financi\u00e8rement le projet<\/span><\/p>\n<\/div><div class=\"fusion-clearfix\"><\/div><\/div><\/div><\/div><div class=\"fusion-sep-clear\"><\/div><div class=\"fusion-separator fusion-full-width-sep\" style=\"margin-left: auto;margin-right: auto;margin-top:-10px;width:100%;\"><div class=\"fusion-separator-border sep-single\" style=\"--awb-height:20px;--awb-amount:20px;--awb-sep-color:rgba(246,246,246,0);border-color:rgba(246,246,246,0);border-top-width:1px;\"><\/div><\/div><div class=\"fusion-sep-clear\"><\/div><div class=\"fusion-builder-row fusion-builder-row-inner fusion-row\"><div class=\"fusion-layout-column fusion_builder_column_inner fusion-builder-nested-column-6 fusion_builder_column_inner_1_1 1_1 fusion-one-full fusion-column-first fusion-column-last\" style=\"--awb-padding-top:20px;--awb-bg-color:rgba(255,255,255,0.75);--awb-bg-color-hover:rgba(255,255,255,0.75);--awb-bg-size:cover;--awb-border-color:#1e7c00;--awb-border-top:3px;--awb-border-right:3px;--awb-border-bottom:3px;--awb-border-left:3px;--awb-border-style:solid;\"><div class=\"fusion-column-wrapper fusion-flex-column-wrapper-legacy\"><div class=\"fusion-align-block\"><a class=\"fusion-button button-flat fusion-button-default-size button-custom fusion-button-default button-3 fusion-button-default-span fusion-button-default-type fusion-has-button-gradient\" style=\"--button_accent_color:#ffffff;--button_accent_hover_color:#1e7c00;--button_border_hover_color:#1e7c00;--button_gradient_top_color:#1e7c00;--button_gradient_bottom_color:#119117;--button_gradient_top_color_hover:var(--awb-color1);--button_gradient_bottom_color_hover:var(--awb-color1);width:calc(100%);\" target=\"_self\" href=\"www.autresens.org\/soutenir\"><span class=\"fusion-button-text awb-button__text awb-button__text--default\">PARTICIPER<\/span><\/a><\/div><div class=\"fusion-text fusion-text-8\"><p style=\"text-align: center;\"><span style=\"color: #1e7c00;\">Prendre part \u00e0 l&rsquo;\u00e9laboration concr\u00e8te du projet<\/span><\/p>\n<\/div><div class=\"fusion-clearfix\"><\/div><\/div><\/div><\/div><div class=\"fusion-sep-clear\"><\/div><div class=\"fusion-separator fusion-full-width-sep\" style=\"margin-left: auto;margin-right: auto;margin-top:-10px;width:100%;\"><div class=\"fusion-separator-border sep-single\" style=\"--awb-height:20px;--awb-amount:20px;--awb-sep-color:rgba(246,246,246,0);border-color:rgba(246,246,246,0);border-top-width:1px;\"><\/div><\/div><div class=\"fusion-sep-clear\"><\/div><div class=\"fusion-builder-row fusion-builder-row-inner fusion-row\"><div class=\"fusion-layout-column fusion_builder_column_inner fusion-builder-nested-column-7 fusion_builder_column_inner_1_1 1_1 fusion-one-full fusion-column-first fusion-column-last\" style=\"--awb-padding-top:20px;--awb-padding-right:20px;--awb-padding-bottom:20px;--awb-padding-left:20px;--awb-bg-color:#ffffff;--awb-bg-color-hover:#ffffff;--awb-bg-size:cover;--awb-border-color:#145096;--awb-border-top:3px;--awb-border-right:3px;--awb-border-bottom:3px;--awb-border-left:3px;--awb-border-style:solid;\"><div class=\"fusion-column-wrapper fusion-flex-column-wrapper-legacy\"><div class=\"fusion-title title fusion-title-2 fusion-sep-none fusion-title-text fusion-title-size-four\" style=\"--awb-margin-top-small:0px;--awb-margin-right-small:0px;--awb-margin-bottom-small:20px;--awb-margin-left-small:0px;\"><h4 class=\"fusion-title-heading title-heading-left\" style=\"margin:0;\">Lieu \/ R\u00e9gion<\/h4><\/div><div class=\"fusion-title title fusion-title-3 fusion-sep-none fusion-title-text fusion-title-size-five\" style=\"--awb-margin-top-small:0px;--awb-margin-right-small:0px;--awb-margin-bottom-small:20px;--awb-margin-left-small:0px;\"><h5 class=\"fusion-title-heading title-heading-left\" style=\"margin:0;\">Domaines d&rsquo;activit\u00e9<\/h5><\/div><div class=\"fusion-sep-clear\"><\/div><div class=\"fusion-separator fusion-full-width-sep\" style=\"margin-left: auto;margin-right: auto;width:100%;\"><div class=\"fusion-separator-border sep-single\" style=\"--awb-height:20px;--awb-amount:20px;--awb-sep-color:rgba(246,246,246,0);border-color:rgba(246,246,246,0);border-top-width:1px;\"><\/div><\/div><div class=\"fusion-sep-clear\"><\/div><div class=\"fusion-title title fusion-title-4 fusion-sep-none fusion-title-text fusion-title-size-four\" style=\"--awb-margin-top-small:0px;--awb-margin-right-small:0px;--awb-margin-bottom-small:20px;--awb-margin-left-small:0px;\"><h4 class=\"fusion-title-heading title-heading-left\" style=\"margin:0;\">Ev\u00e9nements li\u00e9s<\/h4><\/div><div class=\"fusion-sep-clear\"><\/div><div class=\"fusion-separator fusion-clearfix\" style=\"float:left;margin-bottom:30px;width:100%;max-width:200px;\"><div class=\"fusion-separator-border sep-single\" style=\"--awb-height:20px;--awb-amount:20px;--awb-sep-color:#145096;border-color:#145096;border-top-width:3px;\"><\/div><\/div><div class=\"fusion-sep-clear\"><\/div>[fusion_events cat_slug=\u00a0\u00bb\u00a0\u00bb past_events=\u00a0\u00bbno\u00a0\u00bb number_posts=\u00a0\u00bb\u00a0\u00bb columns=\u00a0\u00bb4&Prime; column_spacing=\u00a0\u00bb\u00a0\u00bb picture_size=\u00a0\u00bbcover\u00a0\u00bb padding_top=\u00a0\u00bb\u00a0\u00bb padding_right=\u00a0\u00bb\u00a0\u00bb padding_bottom=\u00a0\u00bb\u00a0\u00bb padding_left=\u00a0\u00bb\u00a0\u00bb content_length=\u00a0\u00bb\u00a0\u00bb excerpt_length=\u00a0\u00bb\u00a0\u00bb strip_html=\u00a0\u00bb\u00a0\u00bb pagination=\u00a0\u00bbno\u00a0\u00bb hide_on_mobile=\u00a0\u00bbsmall-visibility,medium-visibility,large-visibility\u00a0\u00bb class=\u00a0\u00bb\u00a0\u00bb id=\u00a0\u00bb\u00a0\u00bb \/]<div class=\"fusion-title title fusion-title-5 fusion-sep-none fusion-title-text fusion-title-size-four\" style=\"--awb-margin-top-small:0px;--awb-margin-right-small:0px;--awb-margin-bottom-small:20px;--awb-margin-left-small:0px;\"><h4 class=\"fusion-title-heading title-heading-left\" style=\"margin:0;\">Liens<\/h4><\/div><div class=\"fusion-text fusion-text-9\"><p>Lien 1<\/p>\n<p>Lien 2<\/p>\n<\/div><div class=\"fusion-clearfix\"><\/div><\/div><\/div><\/div><div class=\"fusion-clearfix\"><\/div><\/div><\/div><\/div><\/div><div class=\"fusion-fullwidth fullwidth-box fusion-builder-row-2 nonhundred-percent-fullwidth non-hundred-percent-height-scrolling\" style=\"--awb-border-radius-top-left:0px;--awb-border-radius-top-right:0px;--awb-border-radius-bottom-right:0px;--awb-border-radius-bottom-left:0px;--awb-flex-wrap:wrap;\" ><div class=\"fusion-builder-row fusion-row\"><div class=\"fusion-layout-column fusion_builder_column fusion-builder-column-2 fusion_builder_column_1_1 1_1 fusion-one-full fusion-column-first fusion-column-last\" style=\"--awb-bg-size:cover;\"><div class=\"fusion-column-wrapper fusion-flex-column-wrapper-legacy\"><div class=\"fusion-title title fusion-title-6 fusion-sep-none fusion-title-text fusion-title-size-three\" style=\"--awb-margin-top-small:0px;--awb-margin-right-small:0px;--awb-margin-bottom-small:20px;--awb-margin-left-small:0px;\"><h3 class=\"fusion-title-heading title-heading-left\" style=\"margin:0;\">Commentaires<\/h3><\/div><div class=\"fusion-clearfix\"><\/div><\/div><\/div><\/div><\/div><\/p>\n","protected":false},"excerpt":{"rendered":"","protected":false},"author":5,"featured_media":0,"parent":0,"menu_order":0,"comment_status":"closed","ping_status":"closed","template":"","meta":{"give_campaign_id":0,"footnotes":""},"class_list":["post-13596","page","type-page","status-publish","hentry"],"yoast_head":"<!-- This site is optimized with the Yoast SEO plugin v27.4 - https:\/\/yoast.com\/product\/yoast-seo-wordpress\/ -->\n<title>Template Projets - AutreSens<\/title>\n<meta name=\"robots\" content=\"index, follow, max-snippet:-1, max-image-preview:large, max-video-preview:-1\" \/>\n<link rel=\"canonical\" href=\"https:\/\/www.autresens.org\/de\/template-projets\/\" \/>\n<meta property=\"og:locale\" content=\"de_DE\" \/>\n<meta property=\"og:type\" content=\"article\" \/>\n<meta property=\"og:title\" content=\"Template Projets - AutreSens\" \/>\n<meta property=\"og:url\" content=\"https:\/\/www.autresens.org\/de\/template-projets\/\" \/>\n<meta property=\"og:site_name\" content=\"AutreSens\" \/>\n<meta property=\"article:modified_time\" content=\"2018-09-15T11:35:29+00:00\" \/>\n<meta name=\"twitter:card\" content=\"summary_large_image\" \/>\n<meta name=\"twitter:label1\" content=\"Gesch\u00e4tzte Lesezeit\" \/>\n\t<meta name=\"twitter:data1\" content=\"12\u00a0Minuten\" \/>\n<script type=\"application\/ld+json\" class=\"yoast-schema-graph\">{\"@context\":\"https:\\\/\\\/schema.org\",\"@graph\":[{\"@type\":\"WebPage\",\"@id\":\"https:\\\/\\\/www.autresens.org\\\/template-projets\\\/\",\"url\":\"https:\\\/\\\/www.autresens.org\\\/template-projets\\\/\",\"name\":\"Template Projets - AutreSens\",\"isPartOf\":{\"@id\":\"https:\\\/\\\/www.autresens.org\\\/#website\"},\"datePublished\":\"2018-05-24T13:46:57+00:00\",\"dateModified\":\"2018-09-15T11:35:29+00:00\",\"breadcrumb\":{\"@id\":\"https:\\\/\\\/www.autresens.org\\\/template-projets\\\/#breadcrumb\"},\"inLanguage\":\"de\",\"potentialAction\":[{\"@type\":\"ReadAction\",\"target\":[\"https:\\\/\\\/www.autresens.org\\\/template-projets\\\/\"]}]},{\"@type\":\"BreadcrumbList\",\"@id\":\"https:\\\/\\\/www.autresens.org\\\/template-projets\\\/#breadcrumb\",\"itemListElement\":[{\"@type\":\"ListItem\",\"position\":1,\"name\":\"Accueil\",\"item\":\"https:\\\/\\\/www.autresens.org\\\/\"},{\"@type\":\"ListItem\",\"position\":2,\"name\":\"Template Projets\"}]},{\"@type\":\"WebSite\",\"@id\":\"https:\\\/\\\/www.autresens.org\\\/#website\",\"url\":\"https:\\\/\\\/www.autresens.org\\\/\",\"name\":\"AutreSens\",\"description\":\"S&#039;engager d\u00e8s l&#039;\u00e9cole.\",\"publisher\":{\"@id\":\"https:\\\/\\\/www.autresens.org\\\/#organization\"},\"potentialAction\":[{\"@type\":\"SearchAction\",\"target\":{\"@type\":\"EntryPoint\",\"urlTemplate\":\"https:\\\/\\\/www.autresens.org\\\/?s={search_term_string}\"},\"query-input\":{\"@type\":\"PropertyValueSpecification\",\"valueRequired\":true,\"valueName\":\"search_term_string\"}}],\"inLanguage\":\"de\"},{\"@type\":\"Organization\",\"@id\":\"https:\\\/\\\/www.autresens.org\\\/#organization\",\"name\":\"AutreSens\",\"url\":\"https:\\\/\\\/www.autresens.org\\\/\",\"logo\":{\"@type\":\"ImageObject\",\"inLanguage\":\"de\",\"@id\":\"https:\\\/\\\/www.autresens.org\\\/#\\\/schema\\\/logo\\\/image\\\/\",\"url\":\"https:\\\/\\\/i0.wp.com\\\/www.autresens.org\\\/wp-content\\\/uploads\\\/2023\\\/04\\\/AutreSens_Logo_ICONE_bleu.png?fit=645%2C645&ssl=1\",\"contentUrl\":\"https:\\\/\\\/i0.wp.com\\\/www.autresens.org\\\/wp-content\\\/uploads\\\/2023\\\/04\\\/AutreSens_Logo_ICONE_bleu.png?fit=645%2C645&ssl=1\",\"width\":645,\"height\":645,\"caption\":\"AutreSens\"},\"image\":{\"@id\":\"https:\\\/\\\/www.autresens.org\\\/#\\\/schema\\\/logo\\\/image\\\/\"}}]}<\/script>\n<!-- \/ Yoast SEO plugin. -->","yoast_head_json":{"title":"Template Projets - AutreSens","robots":{"index":"index","follow":"follow","max-snippet":"max-snippet:-1","max-image-preview":"max-image-preview:large","max-video-preview":"max-video-preview:-1"},"canonical":"https:\/\/www.autresens.org\/de\/template-projets\/","og_locale":"de_DE","og_type":"article","og_title":"Template Projets - AutreSens","og_url":"https:\/\/www.autresens.org\/de\/template-projets\/","og_site_name":"AutreSens","article_modified_time":"2018-09-15T11:35:29+00:00","twitter_card":"summary_large_image","twitter_misc":{"Gesch\u00e4tzte Lesezeit":"12\u00a0Minuten"},"schema":{"@context":"https:\/\/schema.org","@graph":[{"@type":"WebPage","@id":"https:\/\/www.autresens.org\/template-projets\/","url":"https:\/\/www.autresens.org\/template-projets\/","name":"Template Projets - AutreSens","isPartOf":{"@id":"https:\/\/www.autresens.org\/#website"},"datePublished":"2018-05-24T13:46:57+00:00","dateModified":"2018-09-15T11:35:29+00:00","breadcrumb":{"@id":"https:\/\/www.autresens.org\/template-projets\/#breadcrumb"},"inLanguage":"de","potentialAction":[{"@type":"ReadAction","target":["https:\/\/www.autresens.org\/template-projets\/"]}]},{"@type":"BreadcrumbList","@id":"https:\/\/www.autresens.org\/template-projets\/#breadcrumb","itemListElement":[{"@type":"ListItem","position":1,"name":"Accueil","item":"https:\/\/www.autresens.org\/"},{"@type":"ListItem","position":2,"name":"Template Projets"}]},{"@type":"WebSite","@id":"https:\/\/www.autresens.org\/#website","url":"https:\/\/www.autresens.org\/","name":"AndererSinn","description":"S&#039;schon in der Schule engagieren.","publisher":{"@id":"https:\/\/www.autresens.org\/#organization"},"potentialAction":[{"@type":"SearchAction","target":{"@type":"EntryPoint","urlTemplate":"https:\/\/www.autresens.org\/?s={search_term_string}"},"query-input":{"@type":"PropertyValueSpecification","valueRequired":true,"valueName":"search_term_string"}}],"inLanguage":"de"},{"@type":"Organization","@id":"https:\/\/www.autresens.org\/#organization","name":"AndererSinn","url":"https:\/\/www.autresens.org\/","logo":{"@type":"ImageObject","inLanguage":"de","@id":"https:\/\/www.autresens.org\/#\/schema\/logo\/image\/","url":"https:\/\/i0.wp.com\/www.autresens.org\/wp-content\/uploads\/2023\/04\/AutreSens_Logo_ICONE_bleu.png?fit=645%2C645&ssl=1","contentUrl":"https:\/\/i0.wp.com\/www.autresens.org\/wp-content\/uploads\/2023\/04\/AutreSens_Logo_ICONE_bleu.png?fit=645%2C645&ssl=1","width":645,"height":645,"caption":"AutreSens"},"image":{"@id":"https:\/\/www.autresens.org\/#\/schema\/logo\/image\/"}}]}},"campaignId":"","_links":{"self":[{"href":"https:\/\/www.autresens.org\/de\/wp-json\/wp\/v2\/pages\/13596","targetHints":{"allow":["GET"]}}],"collection":[{"href":"https:\/\/www.autresens.org\/de\/wp-json\/wp\/v2\/pages"}],"about":[{"href":"https:\/\/www.autresens.org\/de\/wp-json\/wp\/v2\/types\/page"}],"author":[{"embeddable":true,"href":"https:\/\/www.autresens.org\/de\/wp-json\/wp\/v2\/users\/5"}],"replies":[{"embeddable":true,"href":"https:\/\/www.autresens.org\/de\/wp-json\/wp\/v2\/comments?post=13596"}],"version-history":[{"count":22,"href":"https:\/\/www.autresens.org\/de\/wp-json\/wp\/v2\/pages\/13596\/revisions"}],"predecessor-version":[{"id":13606,"href":"https:\/\/www.autresens.org\/de\/wp-json\/wp\/v2\/pages\/13596\/revisions\/13606"}],"wp:attachment":[{"href":"https:\/\/www.autresens.org\/de\/wp-json\/wp\/v2\/media?parent=13596"}],"curies":[{"name":"wp","href":"https:\/\/api.w.org\/{rel}","templated":true}]}}