{"id":13554,"date":"2018-05-30T12:15:23","date_gmt":"2018-05-30T11:15:23","guid":{"rendered":"https:\/\/www.autresens.org\/?page_id=13554"},"modified":"2023-05-04T16:05:17","modified_gmt":"2023-05-04T14:05:17","slug":"education","status":"publish","type":"page","link":"https:\/\/www.autresens.org\/de\/domaines\/education\/","title":{"rendered":"Bildung"},"content":{"rendered":"<div class=\"fusion-fullwidth fullwidth-box fusion-builder-row-1 nonhundred-percent-fullwidth non-hundred-percent-height-scrolling\" style=\"--awb-border-radius-top-left:0px;--awb-border-radius-top-right:0px;--awb-border-radius-bottom-right:0px;--awb-border-radius-bottom-left:0px;--awb-margin-top:30px;--awb-flex-wrap:wrap;\" ><div class=\"fusion-builder-row fusion-row\"><div class=\"fusion-layout-column fusion_builder_column fusion-builder-column-0 fusion_builder_column_1_1 1_1 fusion-one-full fusion-column-first fusion-column-last\" style=\"--awb-bg-size:cover;\"><div class=\"fusion-column-wrapper fusion-flex-column-wrapper-legacy\"><div class=\"accordian fusion-accordian\" style=\"--awb-border-size:1px;--awb-icon-size:18px;--awb-content-font-size:15px;--awb-icon-alignment:left;--awb-hover-color:var(--awb-color6);--awb-border-color:var(--awb-color6);--awb-background-color:var(--awb-color1);--awb-divider-color:#f6f6f6;--awb-divider-hover-color:#f6f6f6;--awb-icon-color:var(--awb-color6);--awb-title-color:var(--awb-color6);--awb-content-color:var(--awb-custom11);--awb-icon-box-color:var(--awb-color6);--awb-toggle-hover-accent-color:var(--awb-color6);--awb-toggle-active-accent-color:var(--awb-color6);--awb-title-font-family:&quot;Open Sans&quot;;--awb-title-font-weight:400;--awb-title-font-style:normal;--awb-title-font-size:20px;--awb-content-font-family:&quot;Open Sans&quot;;--awb-content-font-style:normal;--awb-content-font-weight:400;\"><div class=\"panel-group fusion-toggle-icon-unboxed\" id=\"accordion-13554-1\"><div class=\"fusion-panel panel-default panel-320aca3f976bda18e fusion-toggle-has-divider\"><div class=\"panel-heading\"><h4 class=\"panel-title toggle\" id=\"toggle_320aca3f976bda18e\"><a class=\"active\" aria-expanded=\"true\" aria-controls=\"320aca3f976bda18e\" role=\"button\" data-toggle=\"collapse\" data-target=\"#320aca3f976bda18e\" href=\"#320aca3f976bda18e\"><span class=\"fusion-toggle-icon-wrapper\" aria-hidden=\"true\"><i class=\"fa-fusion-box active-icon fa-minus-circle fas\" aria-hidden=\"true\"><\/i><i class=\"fa-fusion-box inactive-icon fa-plus-circle fas\" aria-hidden=\"true\"><\/i><\/span><span class=\"fusion-toggle-heading\">Sich schon in der Schule engagieren, um der Architekt seiner Zukunft zu werden.<\/span><\/a><\/h4><\/div><div id=\"320aca3f976bda18e\" class=\"panel-collapse collapse in\" aria-labelledby=\"toggle_320aca3f976bda18e\"><div class=\"panel-body toggle-content fusion-clearfix\">\n<p>In der Philosophie von AutreSens ist Bildung der Schl\u00fcssel, um einen Unterschied in der Welt zu machen. AutreSens m\u00f6chte konkrete Vorschl\u00e4ge f\u00fcr den Unterricht f\u00f6rdern, die es erm\u00f6glichen, ein Verst\u00e4ndnis und eine kritische Lekt\u00fcre der Welt zu entwickeln, um sich konstruktiv und innovativ in ihr zu engagieren, um sie schon heute in voller Intelligenz zu bewohnen.<br \/>Die Vorschl\u00e4ge wurden im Sinne einer partizipativen Forschung von Sch\u00fclerinnen und Sch\u00fclern, Lehrerinnen und Lehrern sowie Forscherinnen und Forschern entwickelt und anschlie\u00dfend getestet. Die Vorschl\u00e4ge basieren auf Arbeiten aus den kognitiven Wissenschaften, der Neurobiologie und den Erziehungswissenschaften. Sie k\u00f6nnen an alle F\u00e4cher und Schulstufen angepasst werden.<\/p>\n<p>Der von uns vorgeschlagene Ansatz ist sowohl eine Unterrichtsstrategie als auch eine Art zu lernen. Er beruht auf drei voneinander abh\u00e4ngigen Grundpfeilern: Engagement, Strukturierung und Transfer (Tools und Erkl\u00e4rungsbl\u00e4tter finden Sie weiter unten).<\/p>\n<\/div><\/div><\/div><div class=\"fusion-panel panel-default panel-f1dfaa8e4d7929aee fusion-toggle-has-divider\"><div class=\"panel-heading\"><h4 class=\"panel-title toggle\" id=\"toggle_f1dfaa8e4d7929aee\"><a aria-expanded=\"false\" aria-controls=\"f1dfaa8e4d7929aee\" role=\"button\" data-toggle=\"collapse\" data-target=\"#f1dfaa8e4d7929aee\" href=\"#f1dfaa8e4d7929aee\"><span class=\"fusion-toggle-icon-wrapper\" aria-hidden=\"true\"><i class=\"fa-fusion-box active-icon fa-minus-circle fas\" aria-hidden=\"true\"><\/i><i class=\"fa-fusion-box inactive-icon fa-plus-circle fas\" aria-hidden=\"true\"><\/i><\/span><span class=\"fusion-toggle-heading\">Sich engagieren<\/span><\/a><\/h4><\/div><div id=\"f1dfaa8e4d7929aee\" class=\"panel-collapse collapse\" aria-labelledby=\"toggle_f1dfaa8e4d7929aee\"><div class=\"panel-body toggle-content fusion-clearfix\">\n<p>Ein Aufh\u00e4nger, der gew\u00e4hlt wird, weil er einen kognitiven Konflikt erzeugen kann, der den Wunsch weckt, sich mit einem Konzept, einem Thema oder einem Begriff zu befassen.<\/p>\n<\/div><\/div><\/div><div class=\"fusion-panel panel-default panel-ff5a09be013b6690b fusion-toggle-has-divider\"><div class=\"panel-heading\"><h4 class=\"panel-title toggle\" id=\"toggle_ff5a09be013b6690b\"><a aria-expanded=\"false\" aria-controls=\"ff5a09be013b6690b\" role=\"button\" data-toggle=\"collapse\" data-target=\"#ff5a09be013b6690b\" href=\"#ff5a09be013b6690b\"><span class=\"fusion-toggle-icon-wrapper\" aria-hidden=\"true\"><i class=\"fa-fusion-box active-icon fa-minus-circle fas\" aria-hidden=\"true\"><\/i><i class=\"fa-fusion-box inactive-icon fa-plus-circle fas\" aria-hidden=\"true\"><\/i><\/span><span class=\"fusion-toggle-heading\">Strukturieren<\/span><\/a><\/h4><\/div><div id=\"ff5a09be013b6690b\" class=\"panel-collapse collapse\" aria-labelledby=\"toggle_ff5a09be013b6690b\"><div class=\"panel-body toggle-content fusion-clearfix\">\n<p>Um sich etwas zu merken und es im Ged\u00e4chtnis sinnvoll zu organisieren. Durch die Entwicklung des aktiven Erinnerns; durch die Darstellung der \"Wissensstruktur\" in einem konzeptuellen Schema, das als Schablone dienen kann, um die Strukturierung eines neuronalen Netzes zu begleiten; durch das Erlernen des Argumentierens.<\/p>\n<\/div><\/div><\/div><div class=\"fusion-panel panel-default panel-d4a7ce1037bb0e5ec fusion-toggle-has-divider\"><div class=\"panel-heading\"><h4 class=\"panel-title toggle\" id=\"toggle_d4a7ce1037bb0e5ec\"><a aria-expanded=\"false\" aria-controls=\"d4a7ce1037bb0e5ec\" role=\"button\" data-toggle=\"collapse\" data-target=\"#d4a7ce1037bb0e5ec\" href=\"#d4a7ce1037bb0e5ec\"><span class=\"fusion-toggle-icon-wrapper\" aria-hidden=\"true\"><i class=\"fa-fusion-box active-icon fa-minus-circle fas\" aria-hidden=\"true\"><\/i><i class=\"fa-fusion-box inactive-icon fa-plus-circle fas\" aria-hidden=\"true\"><\/i><\/span><span class=\"fusion-toggle-heading\">Weiterleiten<\/span><\/a><\/h4><\/div><div id=\"d4a7ce1037bb0e5ec\" class=\"panel-collapse collapse\" aria-labelledby=\"toggle_d4a7ce1037bb0e5ec\"><div class=\"panel-body toggle-content fusion-clearfix\">\n<p>Um zu \u00fcberpr\u00fcfen, ob wir Bedeutung aufgebaut haben, um das Lernen zu bereichern und das Engagement aufrechtzuerhalten.<\/p>\n<\/div><\/div><\/div><\/div><\/div><div class=\"fusion-clearfix\"><\/div><\/div><\/div><div class=\"fusion-layout-column fusion_builder_column fusion-builder-column-1 fusion_builder_column_2_3 2_3 fusion-two-third fusion-column-first\" style=\"--awb-bg-size:cover;width:66.666666666667%;width:calc(66.666666666667% - ( ( 4% ) * 0.66666666666667 ) );margin-right: 4%;\"><div class=\"fusion-column-wrapper fusion-column-has-shadow fusion-flex-column-wrapper-legacy\"><div class=\"fusion-text fusion-text-1\"><p>Die vorgeschlagenen Instrumente erm\u00f6glichen es, an der Metakognition (Explikation, Hervorhebung, Erinnerung an Bekanntes usw.), der Verankerung jeder neuen Information in einer bereits bestehenden Wissensarchitektur, der Integration (Wiederholung, Anwendung, Neuformulierung, Argumentation) und dem Wissenstransfer zu arbeiten und erm\u00f6glichen so die schrittweise Organisation und Strukturierung von Wissen, wobei sie gleichzeitig auf ihren schrittweisen Aufbau aufmerksam machen, der die St\u00e4rke dieses Ansatzes darstellt. Die Bewusstwerdung der beim Lernen ablaufenden Prozesse in Verbindung mit einer m\u00f6glichen Visualisierung der Wissensstruktur f\u00f6rdert die Bedeutungsbildung und den Abstand zu den Inhalten, so dass man aus den gewohnten Denkmustern ausbrechen und zur Entwicklung eines kritischen, innovativen und engagierten Geistes beitragen kann.<\/p>\n<\/div><div class=\"fusion-clearfix\"><\/div><\/div><\/div><div class=\"fusion-layout-column fusion_builder_column fusion-builder-column-2 fusion_builder_column_1_3 1_3 fusion-one-third fusion-column-last\" style=\"--awb-overflow:hidden;--awb-bg-color:var(--awb-color6);--awb-bg-color-hover:var(--awb-color6);--awb-bg-size:cover;--awb-border-radius:25px 25px 25px 25px;width:33.333333333333%;width:calc(33.333333333333% - ( ( 4% ) * 0.33333333333333 ) );\"><div class=\"fusion-column-wrapper fusion-column-has-shadow fusion-flex-column-wrapper-legacy\"><div class=\"fusion-column-content-centered\"><div class=\"fusion-column-content\"><div class=\"fusion-fa-align-center\"><i class=\"fb-icon-element-1 fb-icon-element fontawesome-icon fa-tools fas circle-yes\" style=\"--awb-circlebordersize:1px;--awb-font-size:28.16px;--awb-width:56.32px;--awb-height:56.32px;--awb-line-height:54.32px;\"><\/i><\/div><div class=\"fusion-text fusion-text-2\" style=\"--awb-font-size:16px;--awb-text-transform:uppercase;--awb-text-color:#ffffff;\"><p style=\"text-align: center;\">Tools<\/p>\n<\/div><div class=\"fusion-align-block\"><a class=\"fusion-button button-flat button-small button-custom fusion-button-default button-1 fusion-button-default-span fusion-button-default-type\" style=\"--button_accent_color:var(--awb-color6);--button_border_color:var(--awb-color1);--button_accent_hover_color:var(--awb-color1);--button_border_hover_color:var(--awb-color1);--button_gradient_top_color:var(--awb-color1);--button_gradient_bottom_color:var(--awb-color1);--button_gradient_top_color_hover:var(--awb-color6);--button_gradient_bottom_color_hover:var(--awb-color6);--button_margin-right:10px;--button_margin-bottom:10px;--button_margin-left:10px;width:calc(100% - 10px - 10px);\" target=\"_self\" href=\"https:\/\/www.autresens.org\/wp-content\/uploads\/2019\/11\/Outils-PDF.zip\"><i class=\"fa-folder fas awb-button__icon awb-button__icon--default button-icon-left\" aria-hidden=\"true\"><\/i><span class=\"fusion-button-text awb-button__text awb-button__text--default\">PDF herunterladen<\/span><\/a><\/div><div class=\"fusion-text fusion-text-3 fusion-text-no-margin\" style=\"--awb-text-color:#ffffff;--awb-margin-right:10px;--awb-margin-bottom:10px;--awb-margin-left:10px;\"><p style=\"text-align: center;\">PDF-Karteikarten zum Thema Bildung nach AutreSens. Hier finden Sie Strategien und Werkzeuge, die Sie in Schulen einsetzen k\u00f6nnen, um sich diesen Raum wieder anzueignen und jeden Sch\u00fcler in die Gestaltung seiner Zukunft einzubeziehen.<\/p>\n<\/div><\/div><\/div><div class=\"fusion-clearfix\"><\/div><\/div><\/div><\/div><\/div>","protected":false},"excerpt":{"rendered":"","protected":false},"author":5,"featured_media":0,"parent":32,"menu_order":0,"comment_status":"closed","ping_status":"closed","template":"","meta":{"give_campaign_id":0,"footnotes":""},"class_list":["post-13554","page","type-page","status-publish","hentry"],"yoast_head":"<!-- This site is optimized with the Yoast SEO plugin v27.4 - https:\/\/yoast.com\/product\/yoast-seo-wordpress\/ -->\n<title>Education - AutreSens<\/title>\n<meta name=\"robots\" content=\"index, follow, max-snippet:-1, max-image-preview:large, max-video-preview:-1\" \/>\n<link rel=\"canonical\" href=\"https:\/\/www.autresens.org\/de\/domaines\/education\/\" \/>\n<meta property=\"og:locale\" content=\"de_DE\" \/>\n<meta property=\"og:type\" content=\"article\" \/>\n<meta property=\"og:title\" content=\"Education - AutreSens\" \/>\n<meta property=\"og:url\" content=\"https:\/\/www.autresens.org\/de\/domaines\/education\/\" \/>\n<meta property=\"og:site_name\" content=\"AutreSens\" \/>\n<meta property=\"article:modified_time\" content=\"2023-05-04T14:05:17+00:00\" \/>\n<meta name=\"twitter:card\" content=\"summary_large_image\" \/>\n<meta name=\"twitter:label1\" content=\"Gesch\u00e4tzte Lesezeit\" \/>\n\t<meta name=\"twitter:data1\" content=\"7\u00a0Minuten\" \/>\n<script type=\"application\/ld+json\" class=\"yoast-schema-graph\">{\"@context\":\"https:\\\/\\\/schema.org\",\"@graph\":[{\"@type\":\"WebPage\",\"@id\":\"https:\\\/\\\/www.autresens.org\\\/domaines\\\/education\\\/\",\"url\":\"https:\\\/\\\/www.autresens.org\\\/domaines\\\/education\\\/\",\"name\":\"Education - AutreSens\",\"isPartOf\":{\"@id\":\"https:\\\/\\\/www.autresens.org\\\/#website\"},\"datePublished\":\"2018-05-30T11:15:23+00:00\",\"dateModified\":\"2023-05-04T14:05:17+00:00\",\"breadcrumb\":{\"@id\":\"https:\\\/\\\/www.autresens.org\\\/domaines\\\/education\\\/#breadcrumb\"},\"inLanguage\":\"de\",\"potentialAction\":[{\"@type\":\"ReadAction\",\"target\":[\"https:\\\/\\\/www.autresens.org\\\/domaines\\\/education\\\/\"]}]},{\"@type\":\"BreadcrumbList\",\"@id\":\"https:\\\/\\\/www.autresens.org\\\/domaines\\\/education\\\/#breadcrumb\",\"itemListElement\":[{\"@type\":\"ListItem\",\"position\":1,\"name\":\"Accueil\",\"item\":\"https:\\\/\\\/www.autresens.org\\\/\"},{\"@type\":\"ListItem\",\"position\":2,\"name\":\"Domaines\",\"item\":\"https:\\\/\\\/www.autresens.org\\\/domaines\\\/\"},{\"@type\":\"ListItem\",\"position\":3,\"name\":\"Education\"}]},{\"@type\":\"WebSite\",\"@id\":\"https:\\\/\\\/www.autresens.org\\\/#website\",\"url\":\"https:\\\/\\\/www.autresens.org\\\/\",\"name\":\"AutreSens\",\"description\":\"S&#039;engager d\u00e8s l&#039;\u00e9cole.\",\"publisher\":{\"@id\":\"https:\\\/\\\/www.autresens.org\\\/#organization\"},\"potentialAction\":[{\"@type\":\"SearchAction\",\"target\":{\"@type\":\"EntryPoint\",\"urlTemplate\":\"https:\\\/\\\/www.autresens.org\\\/?s={search_term_string}\"},\"query-input\":{\"@type\":\"PropertyValueSpecification\",\"valueRequired\":true,\"valueName\":\"search_term_string\"}}],\"inLanguage\":\"de\"},{\"@type\":\"Organization\",\"@id\":\"https:\\\/\\\/www.autresens.org\\\/#organization\",\"name\":\"AutreSens\",\"url\":\"https:\\\/\\\/www.autresens.org\\\/\",\"logo\":{\"@type\":\"ImageObject\",\"inLanguage\":\"de\",\"@id\":\"https:\\\/\\\/www.autresens.org\\\/#\\\/schema\\\/logo\\\/image\\\/\",\"url\":\"https:\\\/\\\/i0.wp.com\\\/www.autresens.org\\\/wp-content\\\/uploads\\\/2023\\\/04\\\/AutreSens_Logo_ICONE_bleu.png?fit=645%2C645&ssl=1\",\"contentUrl\":\"https:\\\/\\\/i0.wp.com\\\/www.autresens.org\\\/wp-content\\\/uploads\\\/2023\\\/04\\\/AutreSens_Logo_ICONE_bleu.png?fit=645%2C645&ssl=1\",\"width\":645,\"height\":645,\"caption\":\"AutreSens\"},\"image\":{\"@id\":\"https:\\\/\\\/www.autresens.org\\\/#\\\/schema\\\/logo\\\/image\\\/\"}}]}<\/script>\n<!-- \/ Yoast SEO plugin. -->","yoast_head_json":{"title":"Education - AutreSens","robots":{"index":"index","follow":"follow","max-snippet":"max-snippet:-1","max-image-preview":"max-image-preview:large","max-video-preview":"max-video-preview:-1"},"canonical":"https:\/\/www.autresens.org\/de\/domaines\/education\/","og_locale":"de_DE","og_type":"article","og_title":"Education - AutreSens","og_url":"https:\/\/www.autresens.org\/de\/domaines\/education\/","og_site_name":"AutreSens","article_modified_time":"2023-05-04T14:05:17+00:00","twitter_card":"summary_large_image","twitter_misc":{"Gesch\u00e4tzte Lesezeit":"7\u00a0Minuten"},"schema":{"@context":"https:\/\/schema.org","@graph":[{"@type":"WebPage","@id":"https:\/\/www.autresens.org\/domaines\/education\/","url":"https:\/\/www.autresens.org\/domaines\/education\/","name":"Education - AutreSens","isPartOf":{"@id":"https:\/\/www.autresens.org\/#website"},"datePublished":"2018-05-30T11:15:23+00:00","dateModified":"2023-05-04T14:05:17+00:00","breadcrumb":{"@id":"https:\/\/www.autresens.org\/domaines\/education\/#breadcrumb"},"inLanguage":"de","potentialAction":[{"@type":"ReadAction","target":["https:\/\/www.autresens.org\/domaines\/education\/"]}]},{"@type":"BreadcrumbList","@id":"https:\/\/www.autresens.org\/domaines\/education\/#breadcrumb","itemListElement":[{"@type":"ListItem","position":1,"name":"Accueil","item":"https:\/\/www.autresens.org\/"},{"@type":"ListItem","position":2,"name":"Domaines","item":"https:\/\/www.autresens.org\/domaines\/"},{"@type":"ListItem","position":3,"name":"Education"}]},{"@type":"WebSite","@id":"https:\/\/www.autresens.org\/#website","url":"https:\/\/www.autresens.org\/","name":"AndererSinn","description":"S&#039;schon in der Schule engagieren.","publisher":{"@id":"https:\/\/www.autresens.org\/#organization"},"potentialAction":[{"@type":"SearchAction","target":{"@type":"EntryPoint","urlTemplate":"https:\/\/www.autresens.org\/?s={search_term_string}"},"query-input":{"@type":"PropertyValueSpecification","valueRequired":true,"valueName":"search_term_string"}}],"inLanguage":"de"},{"@type":"Organization","@id":"https:\/\/www.autresens.org\/#organization","name":"AndererSinn","url":"https:\/\/www.autresens.org\/","logo":{"@type":"ImageObject","inLanguage":"de","@id":"https:\/\/www.autresens.org\/#\/schema\/logo\/image\/","url":"https:\/\/i0.wp.com\/www.autresens.org\/wp-content\/uploads\/2023\/04\/AutreSens_Logo_ICONE_bleu.png?fit=645%2C645&ssl=1","contentUrl":"https:\/\/i0.wp.com\/www.autresens.org\/wp-content\/uploads\/2023\/04\/AutreSens_Logo_ICONE_bleu.png?fit=645%2C645&ssl=1","width":645,"height":645,"caption":"AutreSens"},"image":{"@id":"https:\/\/www.autresens.org\/#\/schema\/logo\/image\/"}}]}},"campaignId":"","_links":{"self":[{"href":"https:\/\/www.autresens.org\/de\/wp-json\/wp\/v2\/pages\/13554","targetHints":{"allow":["GET"]}}],"collection":[{"href":"https:\/\/www.autresens.org\/de\/wp-json\/wp\/v2\/pages"}],"about":[{"href":"https:\/\/www.autresens.org\/de\/wp-json\/wp\/v2\/types\/page"}],"author":[{"embeddable":true,"href":"https:\/\/www.autresens.org\/de\/wp-json\/wp\/v2\/users\/5"}],"replies":[{"embeddable":true,"href":"https:\/\/www.autresens.org\/de\/wp-json\/wp\/v2\/comments?post=13554"}],"version-history":[{"count":28,"href":"https:\/\/www.autresens.org\/de\/wp-json\/wp\/v2\/pages\/13554\/revisions"}],"predecessor-version":[{"id":16024,"href":"https:\/\/www.autresens.org\/de\/wp-json\/wp\/v2\/pages\/13554\/revisions\/16024"}],"up":[{"embeddable":true,"href":"https:\/\/www.autresens.org\/de\/wp-json\/wp\/v2\/pages\/32"}],"wp:attachment":[{"href":"https:\/\/www.autresens.org\/de\/wp-json\/wp\/v2\/media?parent=13554"}],"curies":[{"name":"wp","href":"https:\/\/api.w.org\/{rel}","templated":true}]}}